{"id":4590,"date":"2023-06-22T20:20:23","date_gmt":"2023-06-22T17:20:23","guid":{"rendered":"https:\/\/megalangai.lt\/?page_id=4590"},"modified":"2024-02-24T17:37:00","modified_gmt":"2024-02-24T15:37:00","slug":"langu-ir-duru-ispardavimas","status":"publish","type":"page","link":"https:\/\/megalangai.lt\/en\/langu-ir-duru-ispardavimas\/","title":{"rendered":"Lang\u0173 ir dur\u0173 i\u0161pardavimas"},"content":{"rendered":"<div data-elementor-type=\"wp-page\" data-elementor-id=\"4590\" class=\"elementor elementor-4590\">\n\t\t\t\t\t\t<section class=\"elementor-section elementor-top-section elementor-element elementor-element-0fd1b8c elementor-section-boxed elementor-section-height-default elementor-section-height-default\" data-id=\"0fd1b8c\" data-element_type=\"section\" data-e-type=\"section\">\n\t\t\t\t\t\t<div class=\"elementor-container elementor-column-gap-default\">\n\t\t\t\t\t<div class=\"elementor-column elementor-col-33 elementor-top-column elementor-element elementor-element-2f77c9c\" data-id=\"2f77c9c\" data-element_type=\"column\" data-e-type=\"column\">\n\t\t\t<div class=\"elementor-widget-wrap elementor-element-populated\">\n\t\t\t\t\t\t<div class=\"elementor-element elementor-element-df1ab97 elementor-widget elementor-widget-heading\" data-id=\"df1ab97\" data-element_type=\"widget\" data-e-type=\"widget\" data-widget_type=\"heading.default\">\n\t\t\t\t<div class=\"elementor-widget-container\">\n\t\t\t\t\t<h1 class=\"elementor-heading-title elementor-size-default\">Windows and doors sale<\/h1>\t\t\t\t<\/div>\n\t\t\t\t<\/div>\n\t\t\t\t<div class=\"elementor-element elementor-element-eb64df2 elementor-widget elementor-widget-text-editor\" data-id=\"eb64df2\" data-element_type=\"widget\" data-e-type=\"widget\" data-widget_type=\"text-editor.default\">\n\t\t\t\t<div class=\"elementor-widget-container\">\n\t\t\t\t\t\t\t\t\t<p>Sale of already made windows and doors - products directly from the warehouse!<\/p><p>Delivery throughout Lithuania. You can order by filling out\u00a0<a href=\"https:\/\/megalangai.lt\/en\/langu-ir-duru-ispardavimas\/#Uzklausa\">request form<\/a>\u00a0or by phone:<\/p>\t\t\t\t\t\t\t\t<\/div>\n\t\t\t\t<\/div>\n\t\t\t\t<div class=\"elementor-element elementor-element-36e1df2 elementor-align-left elementor-mobile-align-left elementor-widget elementor-widget-button\" data-id=\"36e1df2\" data-element_type=\"widget\" data-e-type=\"widget\" data-widget_type=\"button.default\">\n\t\t\t\t<div class=\"elementor-widget-container\">\n\t\t\t\t\t\t\t\t\t<div class=\"elementor-button-wrapper\">\n\t\t\t\t\t<a class=\"elementor-button elementor-button-link elementor-size-sm\" href=\"tel:+37068454558\">\n\t\t\t\t\t\t<span class=\"elementor-button-content-wrapper\">\n\t\t\t\t\t\t<span class=\"elementor-button-icon\">\n\t\t\t\t<i aria-hidden=\"true\" class=\"fas fa-phone-alt\"><\/i>\t\t\t<\/span>\n\t\t\t\t\t\t\t\t\t<span class=\"elementor-button-text\">+370 684 54558<\/span>\n\t\t\t\t\t<\/span>\n\t\t\t\t\t<\/a>\n\t\t\t\t<\/div>\n\t\t\t\t\t\t\t\t<\/div>\n\t\t\t\t<\/div>\n\t\t\t\t<div class=\"elementor-element elementor-element-5f7e6f5 elementor-align-left elementor-mobile-align-left elementor-widget elementor-widget-button\" data-id=\"5f7e6f5\" data-element_type=\"widget\" data-e-type=\"widget\" data-widget_type=\"button.default\">\n\t\t\t\t<div class=\"elementor-widget-container\">\n\t\t\t\t\t\t\t\t\t<div class=\"elementor-button-wrapper\">\n\t\t\t\t\t<a class=\"elementor-button elementor-button-link elementor-size-sm\" href=\"#Uzklausa\">\n\t\t\t\t\t\t<span class=\"elementor-button-content-wrapper\">\n\t\t\t\t\t\t<span class=\"elementor-button-icon\">\n\t\t\t\t<i aria-hidden=\"true\" class=\"fas fa-angle-right\"><\/i>\t\t\t<\/span>\n\t\t\t\t\t\t\t\t\t<span class=\"elementor-button-text\">Get a free quote<\/span>\n\t\t\t\t\t<\/span>\n\t\t\t\t\t<\/a>\n\t\t\t\t<\/div>\n\t\t\t\t\t\t\t\t<\/div>\n\t\t\t\t<\/div>\n\t\t\t\t\t<\/div>\n\t\t<\/div>\n\t\t\t\t<div class=\"elementor-column elementor-col-66 elementor-top-column elementor-element elementor-element-39e64fc elementor-hidden-mobile\" data-id=\"39e64fc\" data-element_type=\"column\" data-e-type=\"column\">\n\t\t\t<div class=\"elementor-widget-wrap elementor-element-populated\">\n\t\t\t\t\t\t<div class=\"elementor-element elementor-element-13e1eed elementor-widget elementor-widget-text-editor\" data-id=\"13e1eed\" data-element_type=\"widget\" data-e-type=\"widget\" data-widget_type=\"text-editor.default\">\n\t\t\t\t<div class=\"elementor-widget-container\">\n\t\t\t\t\t\t\t\t\t<p>We can also manufacture all products according to the measurements and specifications you need:<\/p>\t\t\t\t\t\t\t\t<\/div>\n\t\t\t\t<\/div>\n\t\t\t\t<div class=\"elementor-element elementor-element-b9ba141 elementor-position-inline-start elementor-mobile-position-inline-start elementor-view-default elementor-widget elementor-widget-icon-box\" data-id=\"b9ba141\" data-element_type=\"widget\" data-e-type=\"widget\" data-widget_type=\"icon-box.default\">\n\t\t\t\t<div class=\"elementor-widget-container\">\n\t\t\t\t\t\t\t<div class=\"elementor-icon-box-wrapper\">\n\n\t\t\t\t\t\t<div class=\"elementor-icon-box-icon\">\n\t\t\t\t<a href=\"https:\/\/megalangai.lt\/en\/pigiausi-plastikiniai-langai\/\" class=\"elementor-icon\" tabindex=\"-1\" aria-label=\"The best prices uPVC WINDOWS\">\n\t\t\t\t<i aria-hidden=\"true\" class=\"fas fa-angle-right\"><\/i>\t\t\t\t<\/a>\n\t\t\t<\/div>\n\t\t\t\n\t\t\t\t\t\t<div class=\"elementor-icon-box-content\">\n\n\t\t\t\t\t\t\t\t\t<h3 class=\"elementor-icon-box-title\">\n\t\t\t\t\t\t<a href=\"https:\/\/megalangai.lt\/en\/pigiausi-plastikiniai-langai\/\" >\n\t\t\t\t\t\t\tThe best prices uPVC WINDOWS\t\t\t\t\t\t<\/a>\n\t\t\t\t\t<\/h3>\n\t\t\t\t\n\t\t\t\t\n\t\t\t<\/div>\n\t\t\t\n\t\t<\/div>\n\t\t\t\t\t\t<\/div>\n\t\t\t\t<\/div>\n\t\t\t\t<div class=\"elementor-element elementor-element-4837ea4 elementor-position-inline-start elementor-mobile-position-inline-start elementor-view-default elementor-widget elementor-widget-icon-box\" data-id=\"4837ea4\" data-element_type=\"widget\" data-e-type=\"widget\" data-widget_type=\"icon-box.default\">\n\t\t\t\t<div class=\"elementor-widget-container\">\n\t\t\t\t\t\t\t<div class=\"elementor-icon-box-wrapper\">\n\n\t\t\t\t\t\t<div class=\"elementor-icon-box-icon\">\n\t\t\t\t<a href=\"https:\/\/megalangai.lt\/en\/veka-sl-82-md-langai\/\" class=\"elementor-icon\" tabindex=\"-1\" aria-label=\"NEW CONSTRUCTION BEST ENERGY CLASS WINDOWS\">\n\t\t\t\t<i aria-hidden=\"true\" class=\"fas fa-angle-right\"><\/i>\t\t\t\t<\/a>\n\t\t\t<\/div>\n\t\t\t\n\t\t\t\t\t\t<div class=\"elementor-icon-box-content\">\n\n\t\t\t\t\t\t\t\t\t<h3 class=\"elementor-icon-box-title\">\n\t\t\t\t\t\t<a href=\"https:\/\/megalangai.lt\/en\/veka-sl-82-md-langai\/\" >\n\t\t\t\t\t\t\tNEW CONSTRUCTION BEST ENERGY CLASS WINDOWS\t\t\t\t\t\t<\/a>\n\t\t\t\t\t<\/h3>\n\t\t\t\t\n\t\t\t\t\n\t\t\t<\/div>\n\t\t\t\n\t\t<\/div>\n\t\t\t\t\t\t<\/div>\n\t\t\t\t<\/div>\n\t\t\t\t<div class=\"elementor-element elementor-element-71dde7c elementor-position-inline-start elementor-mobile-position-inline-start elementor-view-default elementor-widget elementor-widget-icon-box\" data-id=\"71dde7c\" data-element_type=\"widget\" data-e-type=\"widget\" data-widget_type=\"icon-box.default\">\n\t\t\t\t<div class=\"elementor-widget-container\">\n\t\t\t\t\t\t\t<div class=\"elementor-icon-box-wrapper\">\n\n\t\t\t\t\t\t<div class=\"elementor-icon-box-icon\">\n\t\t\t\t<a href=\"https:\/\/megalangai.lt\/en\/lauko-durys\/\" class=\"elementor-icon\" tabindex=\"-1\" aria-label=\"External Doors\">\n\t\t\t\t<i aria-hidden=\"true\" class=\"fas fa-angle-right\"><\/i>\t\t\t\t<\/a>\n\t\t\t<\/div>\n\t\t\t\n\t\t\t\t\t\t<div class=\"elementor-icon-box-content\">\n\n\t\t\t\t\t\t\t\t\t<h3 class=\"elementor-icon-box-title\">\n\t\t\t\t\t\t<a href=\"https:\/\/megalangai.lt\/en\/lauko-durys\/\" >\n\t\t\t\t\t\t\tExternal Doors\t\t\t\t\t\t<\/a>\n\t\t\t\t\t<\/h3>\n\t\t\t\t\n\t\t\t\t\n\t\t\t<\/div>\n\t\t\t\n\t\t<\/div>\n\t\t\t\t\t\t<\/div>\n\t\t\t\t<\/div>\n\t\t\t\t<div class=\"elementor-element elementor-element-d149e33 elementor-position-inline-start elementor-mobile-position-inline-start elementor-view-default elementor-widget elementor-widget-icon-box\" data-id=\"d149e33\" data-element_type=\"widget\" data-e-type=\"widget\" data-widget_type=\"icon-box.default\">\n\t\t\t\t<div class=\"elementor-widget-container\">\n\t\t\t\t\t\t\t<div class=\"elementor-icon-box-wrapper\">\n\n\t\t\t\t\t\t<div class=\"elementor-icon-box-icon\">\n\t\t\t\t<a href=\"https:\/\/megalangai.lt\/en\/sarvuotos-buto-durys\/\" class=\"elementor-icon\" tabindex=\"-1\" aria-label=\"Custom made apartment doors\">\n\t\t\t\t<i aria-hidden=\"true\" class=\"fas fa-angle-right\"><\/i>\t\t\t\t<\/a>\n\t\t\t<\/div>\n\t\t\t\n\t\t\t\t\t\t<div class=\"elementor-icon-box-content\">\n\n\t\t\t\t\t\t\t\t\t<h3 class=\"elementor-icon-box-title\">\n\t\t\t\t\t\t<a href=\"https:\/\/megalangai.lt\/en\/sarvuotos-buto-durys\/\" >\n\t\t\t\t\t\t\tCustom made apartment doors\t\t\t\t\t\t<\/a>\n\t\t\t\t\t<\/h3>\n\t\t\t\t\n\t\t\t\t\n\t\t\t<\/div>\n\t\t\t\n\t\t<\/div>\n\t\t\t\t\t\t<\/div>\n\t\t\t\t<\/div>\n\t\t\t\t\t<\/div>\n\t\t<\/div>\n\t\t\t\t\t<\/div>\n\t\t<\/section>\n\t\t\t\t<section class=\"elementor-section elementor-top-section elementor-element elementor-element-d9a4f07 elementor-section-boxed elementor-section-height-default elementor-section-height-default\" data-id=\"d9a4f07\" data-element_type=\"section\" data-e-type=\"section\">\n\t\t\t\t\t\t<div class=\"elementor-container elementor-column-gap-default\">\n\t\t\t\t\t<div class=\"elementor-column elementor-col-100 elementor-top-column elementor-element elementor-element-78c841c\" data-id=\"78c841c\" data-element_type=\"column\" data-e-type=\"column\">\n\t\t\t<div class=\"elementor-widget-wrap elementor-element-populated\">\n\t\t\t\t\t\t<div class=\"elementor-element elementor-element-245d1fe elementor-widget-divider--view-line elementor-widget elementor-widget-divider\" data-id=\"245d1fe\" data-element_type=\"widget\" data-e-type=\"widget\" data-widget_type=\"divider.default\">\n\t\t\t\t<div class=\"elementor-widget-container\">\n\t\t\t\t\t\t\t<div class=\"elementor-divider\">\n\t\t\t<span class=\"elementor-divider-separator\">\n\t\t\t\t\t\t<\/span>\n\t\t<\/div>\n\t\t\t\t\t\t<\/div>\n\t\t\t\t<\/div>\n\t\t\t\t<div class=\"elementor-element elementor-element-3279c37 elementor-widget elementor-widget-heading\" data-id=\"3279c37\" data-element_type=\"widget\" data-e-type=\"widget\" data-widget_type=\"heading.default\">\n\t\t\t\t<div class=\"elementor-widget-container\">\n\t\t\t\t\t<h2 class=\"elementor-heading-title elementor-size-default\">Entrance doors SALE<\/h2>\t\t\t\t<\/div>\n\t\t\t\t<\/div>\n\t\t\t\t<div class=\"elementor-element elementor-element-9d8f7ad elementor-widget-divider--view-line elementor-widget elementor-widget-divider\" data-id=\"9d8f7ad\" data-element_type=\"widget\" data-e-type=\"widget\" data-widget_type=\"divider.default\">\n\t\t\t\t<div class=\"elementor-widget-container\">\n\t\t\t\t\t\t\t<div class=\"elementor-divider\">\n\t\t\t<span class=\"elementor-divider-separator\">\n\t\t\t\t\t\t<\/span>\n\t\t<\/div>\n\t\t\t\t\t\t<\/div>\n\t\t\t\t<\/div>\n\t\t\t\t\t<\/div>\n\t\t<\/div>\n\t\t\t\t\t<\/div>\n\t\t<\/section>\n\t\t\t\t<section class=\"elementor-section elementor-top-section elementor-element elementor-element-e0b2a81 elementor-section-boxed elementor-section-height-default elementor-section-height-default\" data-id=\"e0b2a81\" data-element_type=\"section\" data-e-type=\"section\">\n\t\t\t\t\t\t<div class=\"elementor-container elementor-column-gap-default\">\n\t\t\t\t\t<div class=\"elementor-column elementor-col-25 elementor-top-column elementor-element elementor-element-0047928\" data-id=\"0047928\" data-element_type=\"column\" data-e-type=\"column\">\n\t\t\t<div class=\"elementor-widget-wrap elementor-element-populated\">\n\t\t\t\t\t\t<div class=\"elementor-element elementor-element-40c543a elementor-widget elementor-widget-image\" data-id=\"40c543a\" data-element_type=\"widget\" data-e-type=\"widget\" data-widget_type=\"image.default\">\n\t\t\t\t<div class=\"elementor-widget-container\">\n\t\t\t\t\t\t\t\t\t\t\t\t\t\t\t<img fetchpriority=\"high\" decoding=\"async\" width=\"990\" height=\"2142\" src=\"https:\/\/megalangai.lt\/wp-content\/uploads\/Plastikines-lauko-durys-baltos.jpg\" class=\"attachment-large size-large wp-image-4859\" alt=\"Plastikine\u0307s lauko durys baltos\" srcset=\"https:\/\/megalangai.lt\/wp-content\/uploads\/Plastikines-lauko-durys-baltos.jpg 990w, https:\/\/megalangai.lt\/wp-content\/uploads\/Plastikines-lauko-durys-baltos-980x2120.jpg 980w, https:\/\/megalangai.lt\/wp-content\/uploads\/Plastikines-lauko-durys-baltos-480x1039.jpg 480w\" sizes=\"(min-width: 0px) and (max-width: 480px) 480px, (min-width: 481px) and (max-width: 980px) 980px, (min-width: 981px) 990px, 100vw\" \/>\t\t\t\t\t\t\t\t\t\t\t\t\t\t\t<\/div>\n\t\t\t\t<\/div>\n\t\t\t\t<div class=\"elementor-element elementor-element-840bfd8 elementor-align-center elementor-widget elementor-widget-button\" data-id=\"840bfd8\" data-element_type=\"widget\" data-e-type=\"widget\" data-widget_type=\"button.default\">\n\t\t\t\t<div class=\"elementor-widget-container\">\n\t\t\t\t\t\t\t\t\t<div class=\"elementor-button-wrapper\">\n\t\t\t\t\t<a class=\"elementor-button elementor-size-sm\" role=\"button\">\n\t\t\t\t\t\t<span class=\"elementor-button-content-wrapper\">\n\t\t\t\t\t\t\t\t\t<span class=\"elementor-button-text\">400 EUR<\/span>\n\t\t\t\t\t<\/span>\n\t\t\t\t\t<\/a>\n\t\t\t\t<\/div>\n\t\t\t\t\t\t\t\t<\/div>\n\t\t\t\t<\/div>\n\t\t\t\t<div class=\"elementor-element elementor-element-c216de5 elementor-widget elementor-widget-text-editor\" data-id=\"c216de5\" data-element_type=\"widget\" data-e-type=\"widget\" data-widget_type=\"text-editor.default\">\n\t\t\t\t<div class=\"elementor-widget-container\">\n\t\t\t\t\t\t\t\t\t<p>Profile: Framex 71<\/p><p>Width: 860 mm<\/p><p>Height: 2040 mm<\/p><p>Glazing: 4\/16Ar\/4sel<\/p><p>Color: White<\/p>\t\t\t\t\t\t\t\t<\/div>\n\t\t\t\t<\/div>\n\t\t\t\t\t<\/div>\n\t\t<\/div>\n\t\t\t\t<div class=\"elementor-column elementor-col-25 elementor-top-column elementor-element elementor-element-6823ced\" data-id=\"6823ced\" data-element_type=\"column\" data-e-type=\"column\">\n\t\t\t<div class=\"elementor-widget-wrap elementor-element-populated\">\n\t\t\t\t\t\t<div class=\"elementor-element elementor-element-5b0cc4c elementor-widget elementor-widget-image\" data-id=\"5b0cc4c\" data-element_type=\"widget\" data-e-type=\"widget\" data-widget_type=\"image.default\">\n\t\t\t\t<div class=\"elementor-widget-container\">\n\t\t\t\t\t\t\t\t\t\t\t\t\t\t\t<img decoding=\"async\" width=\"990\" height=\"2142\" src=\"https:\/\/megalangai.lt\/wp-content\/uploads\/Plastikines-lauko-durys-rudos.jpg\" class=\"attachment-large size-large wp-image-4858\" alt=\"Plastikine\u0307s lauko durys rudos\" srcset=\"https:\/\/megalangai.lt\/wp-content\/uploads\/Plastikines-lauko-durys-rudos.jpg 990w, https:\/\/megalangai.lt\/wp-content\/uploads\/Plastikines-lauko-durys-rudos-980x2120.jpg 980w, https:\/\/megalangai.lt\/wp-content\/uploads\/Plastikines-lauko-durys-rudos-480x1039.jpg 480w\" sizes=\"(min-width: 0px) and (max-width: 480px) 480px, (min-width: 481px) and (max-width: 980px) 980px, (min-width: 981px) 990px, 100vw\" \/>\t\t\t\t\t\t\t\t\t\t\t\t\t\t\t<\/div>\n\t\t\t\t<\/div>\n\t\t\t\t<div class=\"elementor-element elementor-element-165b944 elementor-align-center elementor-widget elementor-widget-button\" data-id=\"165b944\" data-element_type=\"widget\" data-e-type=\"widget\" data-widget_type=\"button.default\">\n\t\t\t\t<div class=\"elementor-widget-container\">\n\t\t\t\t\t\t\t\t\t<div class=\"elementor-button-wrapper\">\n\t\t\t\t\t<a class=\"elementor-button elementor-size-sm\" role=\"button\">\n\t\t\t\t\t\t<span class=\"elementor-button-content-wrapper\">\n\t\t\t\t\t\t\t\t\t<span class=\"elementor-button-text\">400 EUR<\/span>\n\t\t\t\t\t<\/span>\n\t\t\t\t\t<\/a>\n\t\t\t\t<\/div>\n\t\t\t\t\t\t\t\t<\/div>\n\t\t\t\t<\/div>\n\t\t\t\t<div class=\"elementor-element elementor-element-bfcd531 elementor-widget elementor-widget-text-editor\" data-id=\"bfcd531\" data-element_type=\"widget\" data-e-type=\"widget\" data-widget_type=\"text-editor.default\">\n\t\t\t\t<div class=\"elementor-widget-container\">\n\t\t\t\t\t\t\t\t\t<p>Profile: Framex 71<\/p><p>Width: 960 mm<\/p><p>Height: 2040 mm<\/p><p>Filling: 24 mm filling<\/p><p>Color: Outside color Nusbaum<\/p>\t\t\t\t\t\t\t\t<\/div>\n\t\t\t\t<\/div>\n\t\t\t\t\t<\/div>\n\t\t<\/div>\n\t\t\t\t<div class=\"elementor-column elementor-col-25 elementor-top-column elementor-element elementor-element-57b2742\" data-id=\"57b2742\" data-element_type=\"column\" data-e-type=\"column\">\n\t\t\t<div class=\"elementor-widget-wrap\">\n\t\t\t\t\t\t\t<\/div>\n\t\t<\/div>\n\t\t\t\t<div class=\"elementor-column elementor-col-25 elementor-top-column elementor-element elementor-element-7e5a084\" data-id=\"7e5a084\" data-element_type=\"column\" data-e-type=\"column\">\n\t\t\t<div class=\"elementor-widget-wrap\">\n\t\t\t\t\t\t\t<\/div>\n\t\t<\/div>\n\t\t\t\t\t<\/div>\n\t\t<\/section>\n\t\t\t\t<\/div>","protected":false},"excerpt":{"rendered":"<p>Plastikini\u0173 lang\u0173 ir dur\u0173 i\u0161pardavimas Jau pagamint\u0173 plastikini\u0173 lang\u0173 ir dur\u0173 i\u0161pardavimas \u2013 gaminiai tiesiai i\u0161 sand\u0117lio!Pristatymas visoje Lietuvoje. U\u017esakyti galite u\u017epildydami\u00a0u\u017eklausos form\u0105\u00a0arba paskambin\u0119 telefonu: +370 684 54558 Si\u0173sti u\u017eklaus\u0105 Vis\u0105 produkcij\u0105 gaminame pagal Jums reikalingus i\u0161matavimus ir specifikacijas: Geriausios kainos PLASTIKINIAI LANGAI NAUJOS STATYBOS A+\/A++ KLAS\u0116S LANGAI Lauko durys \u0160arvuotos buto durys Plastikini\u0173 lauko [&hellip;]<\/p>","protected":false},"author":6,"featured_media":0,"parent":0,"menu_order":0,"comment_status":"closed","ping_status":"closed","template":"","meta":{"_et_pb_use_builder":"on","_et_pb_old_content":"","_et_gb_content_width":"","footnotes":""},"class_list":["post-4590","page","type-page","status-publish","hentry"],"yoast_head":"<!-- This site is optimized with the Yoast SEO plugin v27.6 - https:\/\/yoast.com\/product\/yoast-seo-wordpress\/ -->\n<title>Lang\u0173 ir dur\u0173 i\u0161pardavimas - megalangai.lt<\/title>\n<meta name=\"description\" content=\"Plastikini\u0173 lang\u0173 ir dur\u0173 i\u0161pardavimas norintiems gamini\u0173 u\u017e ger\u0105 kain\u0105 tiesiai i\u0161 sand\u0117lio. Si\u016blome tiek langus, tiek lauko duris.\" \/>\n<meta name=\"robots\" content=\"index, follow, max-snippet:-1, max-image-preview:large, max-video-preview:-1\" \/>\n<link rel=\"canonical\" href=\"https:\/\/megalangai.lt\/en\/langu-ir-duru-ispardavimas\/\" \/>\n<meta property=\"og:locale\" content=\"en_GB\" \/>\n<meta property=\"og:type\" content=\"article\" \/>\n<meta property=\"og:title\" content=\"Lang\u0173 ir dur\u0173 i\u0161pardavimas - megalangai.lt\" \/>\n<meta property=\"og:description\" content=\"Plastikini\u0173 lang\u0173 ir dur\u0173 i\u0161pardavimas norintiems gamini\u0173 u\u017e ger\u0105 kain\u0105 tiesiai i\u0161 sand\u0117lio. Si\u016blome tiek langus, tiek lauko duris.\" \/>\n<meta property=\"og:url\" content=\"https:\/\/megalangai.lt\/en\/langu-ir-duru-ispardavimas\/\" \/>\n<meta property=\"og:site_name\" content=\"megalangai.lt\" \/>\n<meta property=\"article:modified_time\" content=\"2024-02-24T15:37:00+00:00\" \/>\n<meta property=\"og:image\" content=\"https:\/\/megalangai.lt\/wp-content\/uploads\/Plastikines-lauko-durys-baltos.jpg\" \/>\n<meta name=\"twitter:card\" content=\"summary_large_image\" \/>\n<meta name=\"twitter:label1\" content=\"Estimated reading time\" \/>\n\t<meta name=\"twitter:data1\" content=\"1 minute\" \/>\n<script type=\"application\/ld+json\" class=\"yoast-schema-graph\">{\"@context\":\"https:\\\/\\\/schema.org\",\"@graph\":[{\"@type\":\"WebPage\",\"@id\":\"https:\\\/\\\/megalangai.lt\\\/langu-ir-duru-ispardavimas\\\/\",\"url\":\"https:\\\/\\\/megalangai.lt\\\/langu-ir-duru-ispardavimas\\\/\",\"name\":\"Lang\u0173 ir dur\u0173 i\u0161pardavimas - megalangai.lt\",\"isPartOf\":{\"@id\":\"https:\\\/\\\/megalangai.lt\\\/#website\"},\"primaryImageOfPage\":{\"@id\":\"https:\\\/\\\/megalangai.lt\\\/langu-ir-duru-ispardavimas\\\/#primaryimage\"},\"image\":{\"@id\":\"https:\\\/\\\/megalangai.lt\\\/langu-ir-duru-ispardavimas\\\/#primaryimage\"},\"thumbnailUrl\":\"https:\\\/\\\/megalangai.lt\\\/wp-content\\\/uploads\\\/Plastikines-lauko-durys-baltos.jpg\",\"datePublished\":\"2023-06-22T17:20:23+00:00\",\"dateModified\":\"2024-02-24T15:37:00+00:00\",\"description\":\"Plastikini\u0173 lang\u0173 ir dur\u0173 i\u0161pardavimas norintiems gamini\u0173 u\u017e ger\u0105 kain\u0105 tiesiai i\u0161 sand\u0117lio. Si\u016blome tiek langus, tiek lauko duris.\",\"breadcrumb\":{\"@id\":\"https:\\\/\\\/megalangai.lt\\\/langu-ir-duru-ispardavimas\\\/#breadcrumb\"},\"inLanguage\":\"en-GB\",\"potentialAction\":[{\"@type\":\"ReadAction\",\"target\":[\"https:\\\/\\\/megalangai.lt\\\/langu-ir-duru-ispardavimas\\\/\"]}]},{\"@type\":\"ImageObject\",\"inLanguage\":\"en-GB\",\"@id\":\"https:\\\/\\\/megalangai.lt\\\/langu-ir-duru-ispardavimas\\\/#primaryimage\",\"url\":\"https:\\\/\\\/megalangai.lt\\\/wp-content\\\/uploads\\\/Plastikines-lauko-durys-baltos.jpg\",\"contentUrl\":\"https:\\\/\\\/megalangai.lt\\\/wp-content\\\/uploads\\\/Plastikines-lauko-durys-baltos.jpg\"},{\"@type\":\"BreadcrumbList\",\"@id\":\"https:\\\/\\\/megalangai.lt\\\/langu-ir-duru-ispardavimas\\\/#breadcrumb\",\"itemListElement\":[{\"@type\":\"ListItem\",\"position\":1,\"name\":\"Home\",\"item\":\"https:\\\/\\\/megalangai.lt\\\/\"},{\"@type\":\"ListItem\",\"position\":2,\"name\":\"Lang\u0173 ir dur\u0173 i\u0161pardavimas\"}]},{\"@type\":\"WebSite\",\"@id\":\"https:\\\/\\\/megalangai.lt\\\/#website\",\"url\":\"https:\\\/\\\/megalangai.lt\\\/\",\"name\":\"megalangai.lt\",\"description\":\"Plastikiniai langai ir lauko durys\",\"publisher\":{\"@id\":\"https:\\\/\\\/megalangai.lt\\\/#organization\"},\"potentialAction\":[{\"@type\":\"SearchAction\",\"target\":{\"@type\":\"EntryPoint\",\"urlTemplate\":\"https:\\\/\\\/megalangai.lt\\\/?s={search_term_string}\"},\"query-input\":{\"@type\":\"PropertyValueSpecification\",\"valueRequired\":true,\"valueName\":\"search_term_string\"}}],\"inLanguage\":\"en-GB\"},{\"@type\":\"Organization\",\"@id\":\"https:\\\/\\\/megalangai.lt\\\/#organization\",\"name\":\"megalangai.lt\",\"url\":\"https:\\\/\\\/megalangai.lt\\\/\",\"logo\":{\"@type\":\"ImageObject\",\"inLanguage\":\"en-GB\",\"@id\":\"https:\\\/\\\/megalangai.lt\\\/#\\\/schema\\\/logo\\\/image\\\/\",\"url\":\"https:\\\/\\\/megalangai.lt\\\/wp-content\\\/uploads\\\/mega-langai.png\",\"contentUrl\":\"https:\\\/\\\/megalangai.lt\\\/wp-content\\\/uploads\\\/mega-langai.png\",\"width\":500,\"height\":364,\"caption\":\"megalangai.lt\"},\"image\":{\"@id\":\"https:\\\/\\\/megalangai.lt\\\/#\\\/schema\\\/logo\\\/image\\\/\"}}]}<\/script>\n<!-- \/ Yoast SEO plugin. -->","yoast_head_json":{"title":"Lang\u0173 ir dur\u0173 i\u0161pardavimas - megalangai.lt","description":"Plastikini\u0173 lang\u0173 ir dur\u0173 i\u0161pardavimas norintiems gamini\u0173 u\u017e ger\u0105 kain\u0105 tiesiai i\u0161 sand\u0117lio. Si\u016blome tiek langus, tiek lauko duris.","robots":{"index":"index","follow":"follow","max-snippet":"max-snippet:-1","max-image-preview":"max-image-preview:large","max-video-preview":"max-video-preview:-1"},"canonical":"https:\/\/megalangai.lt\/en\/langu-ir-duru-ispardavimas\/","og_locale":"en_GB","og_type":"article","og_title":"Lang\u0173 ir dur\u0173 i\u0161pardavimas - megalangai.lt","og_description":"Plastikini\u0173 lang\u0173 ir dur\u0173 i\u0161pardavimas norintiems gamini\u0173 u\u017e ger\u0105 kain\u0105 tiesiai i\u0161 sand\u0117lio. Si\u016blome tiek langus, tiek lauko duris.","og_url":"https:\/\/megalangai.lt\/en\/langu-ir-duru-ispardavimas\/","og_site_name":"megalangai.lt","article_modified_time":"2024-02-24T15:37:00+00:00","og_image":[{"url":"https:\/\/megalangai.lt\/wp-content\/uploads\/Plastikines-lauko-durys-baltos.jpg","type":"","width":"","height":""}],"twitter_card":"summary_large_image","twitter_misc":{"Estimated reading time":"1 minute"},"schema":{"@context":"https:\/\/schema.org","@graph":[{"@type":"WebPage","@id":"https:\/\/megalangai.lt\/langu-ir-duru-ispardavimas\/","url":"https:\/\/megalangai.lt\/langu-ir-duru-ispardavimas\/","name":"Lang\u0173 ir dur\u0173 i\u0161pardavimas - megalangai.lt","isPartOf":{"@id":"https:\/\/megalangai.lt\/#website"},"primaryImageOfPage":{"@id":"https:\/\/megalangai.lt\/langu-ir-duru-ispardavimas\/#primaryimage"},"image":{"@id":"https:\/\/megalangai.lt\/langu-ir-duru-ispardavimas\/#primaryimage"},"thumbnailUrl":"https:\/\/megalangai.lt\/wp-content\/uploads\/Plastikines-lauko-durys-baltos.jpg","datePublished":"2023-06-22T17:20:23+00:00","dateModified":"2024-02-24T15:37:00+00:00","description":"Plastikini\u0173 lang\u0173 ir dur\u0173 i\u0161pardavimas norintiems gamini\u0173 u\u017e ger\u0105 kain\u0105 tiesiai i\u0161 sand\u0117lio. Si\u016blome tiek langus, tiek lauko duris.","breadcrumb":{"@id":"https:\/\/megalangai.lt\/langu-ir-duru-ispardavimas\/#breadcrumb"},"inLanguage":"en-GB","potentialAction":[{"@type":"ReadAction","target":["https:\/\/megalangai.lt\/langu-ir-duru-ispardavimas\/"]}]},{"@type":"ImageObject","inLanguage":"en-GB","@id":"https:\/\/megalangai.lt\/langu-ir-duru-ispardavimas\/#primaryimage","url":"https:\/\/megalangai.lt\/wp-content\/uploads\/Plastikines-lauko-durys-baltos.jpg","contentUrl":"https:\/\/megalangai.lt\/wp-content\/uploads\/Plastikines-lauko-durys-baltos.jpg"},{"@type":"BreadcrumbList","@id":"https:\/\/megalangai.lt\/langu-ir-duru-ispardavimas\/#breadcrumb","itemListElement":[{"@type":"ListItem","position":1,"name":"Home","item":"https:\/\/megalangai.lt\/"},{"@type":"ListItem","position":2,"name":"Lang\u0173 ir dur\u0173 i\u0161pardavimas"}]},{"@type":"WebSite","@id":"https:\/\/megalangai.lt\/#website","url":"https:\/\/megalangai.lt\/","name":"megalangai.lt","description":"Plastikiniai langai ir lauko durys","publisher":{"@id":"https:\/\/megalangai.lt\/#organization"},"potentialAction":[{"@type":"SearchAction","target":{"@type":"EntryPoint","urlTemplate":"https:\/\/megalangai.lt\/?s={search_term_string}"},"query-input":{"@type":"PropertyValueSpecification","valueRequired":true,"valueName":"search_term_string"}}],"inLanguage":"en-GB"},{"@type":"Organization","@id":"https:\/\/megalangai.lt\/#organization","name":"megalangai.lt","url":"https:\/\/megalangai.lt\/","logo":{"@type":"ImageObject","inLanguage":"en-GB","@id":"https:\/\/megalangai.lt\/#\/schema\/logo\/image\/","url":"https:\/\/megalangai.lt\/wp-content\/uploads\/mega-langai.png","contentUrl":"https:\/\/megalangai.lt\/wp-content\/uploads\/mega-langai.png","width":500,"height":364,"caption":"megalangai.lt"},"image":{"@id":"https:\/\/megalangai.lt\/#\/schema\/logo\/image\/"}}]}},"_links":{"self":[{"href":"https:\/\/megalangai.lt\/en\/wp-json\/wp\/v2\/pages\/4590","targetHints":{"allow":["GET"]}}],"collection":[{"href":"https:\/\/megalangai.lt\/en\/wp-json\/wp\/v2\/pages"}],"about":[{"href":"https:\/\/megalangai.lt\/en\/wp-json\/wp\/v2\/types\/page"}],"author":[{"embeddable":true,"href":"https:\/\/megalangai.lt\/en\/wp-json\/wp\/v2\/users\/6"}],"replies":[{"embeddable":true,"href":"https:\/\/megalangai.lt\/en\/wp-json\/wp\/v2\/comments?post=4590"}],"version-history":[{"count":62,"href":"https:\/\/megalangai.lt\/en\/wp-json\/wp\/v2\/pages\/4590\/revisions"}],"predecessor-version":[{"id":5328,"href":"https:\/\/megalangai.lt\/en\/wp-json\/wp\/v2\/pages\/4590\/revisions\/5328"}],"wp:attachment":[{"href":"https:\/\/megalangai.lt\/en\/wp-json\/wp\/v2\/media?parent=4590"}],"curies":[{"name":"wp","href":"https:\/\/api.w.org\/{rel}","templated":true}]}}