{"id":201,"date":"2020-02-14T12:08:32","date_gmt":"2020-02-14T10:08:32","guid":{"rendered":"http:\/\/megalangai.lt\/?page_id=201"},"modified":"2021-07-19T10:14:59","modified_gmt":"2021-07-19T07:14:59","slug":"privatumo-politika-ir-slapukai","status":"publish","type":"page","link":"https:\/\/megalangai.lt\/en\/privatumo-politika-ir-slapukai\/","title":{"rendered":"Privatumo politika ir slapukai"},"content":{"rendered":"[et_pb_section fb_built=&#8221;1&#8243; _builder_version=&#8221;4.3.2&#8243;][et_pb_row _builder_version=&#8221;4.3.2&#8243;][et_pb_column type=&#8221;4_4&#8243; _builder_version=&#8221;4.3.2&#8243;][et_pb_text _builder_version=&#8221;4.9.7&#8243; hover_enabled=&#8221;0&#8243; sticky_enabled=&#8221;0&#8243;]<h1><strong>Privatumo politika ir slapukai<\/strong><\/h1>\n<p>&nbsp;<\/p>\n<p>\u0160i privatumo politika nurodo, kaip \u0161is tinklalapis naudoja ir saugo bet koki\u0105 informacij\u0105, kuri\u0105 pateikiate lankydamiesi jame. Dedame visas pastangas, kad j\u016bs\u0173 duomenys b\u016bt\u0173 apsaugoti, tod\u0117l galite b\u016bti tikri, kad jie bus naudojami tik pagal \u0161i\u0105 privatumo politik\u0105. B\u0117gant laikui, privatumo politika gali keistis &#8211; tokiu atveju, naujas tekstas bus patalpintas \u0161iame puslapyje. Rekomenduojame periodi\u0161kai jame apsilankyti, kad \u012fsitikintum\u0117te, ar esate patenkinti bet kokiais pakeitimais.<\/p>\n<p>Slapukas (angl. cookies) yra nedidelis failas, atsi\u0173stas \u012f lankytojo \u012frengin\u012f, lankytojui besilankant tinklalapyje. Slapukas padeda atpa\u017einti Jus kaip ankstesn\u012f svetain\u0117s lankytoj\u0105, i\u0161saugoti J\u016bs\u0173 lankymosi m\u016bs\u0173 svetain\u0117je istorij\u0105 ir pagal tai parinkti Jums aktual\u0173 turin\u012f. \u0160i informacija prisideda prie svetain\u0117s tobulinimo, siekiant j\u0105 padaryti dar patogesn\u0119.<\/p>\n<p><strong><\/strong><\/p>\n<p><strong>Koki\u0105 informacij\u0105 renkame<\/strong><br \/>Mes renkame \u0161i\u0105 informacij\u0105:<\/p>\n<ul>\n<li>informacija, reikalinga atpa\u017einti Jus kaip svetain\u0117s lankytoj\u0105;<\/li>\n<li>svetain\u0117s lankomumo statistikos rinkimui.<\/li>\n<\/ul>\n<p><strong><\/strong><\/p>\n<p><strong>Kaip naudojame slapukus<\/strong><br \/>Mes naudojame lankomumo registravimo slapukus, kad nustatytume, kurie puslapiai lankomi. Tai padeda analizuoti duomenis apie interneto puslapi\u0173 sraut\u0105 ir tobulinti tinklalap\u012f, kad jis atitikt\u0173 j\u016bs\u0173 poreikius. \u0160i\u0105 informacij\u0105 naudojame tik statistin\u0117s analiz\u0117s tikslais.<\/p>\n<p>Slapukas jokiu b\u016bdu nesuteikia prieigos prie j\u016bs\u0173 kompiuterio ar bet kokios informacijos apie jus, i\u0161skyrus duomenis, kuriuos pasirinkote bendrinti su mumis, lankydamiesi m\u016bs\u0173 tinklalapyje. Galite pasirinkti priimti ar atmesti slapukus. Dauguma interneto nar\u0161ykli\u0173 automati\u0161kai priima slapukus, ta\u010diau galite pakeisti nar\u0161ykl\u0117s nustatym\u0105, jei norite, kad slapukai b\u016bt\u0173 atmesti. Svarbu \u017einoti, kad, atmetus, kai kurios tinklalapio funkcijos nebeveiks.<\/p>\n<p><strong><\/strong><\/p>\n<p><strong>Saugom\u0173 slapuk\u0173 s\u0105ra\u0161as<\/strong><br \/>\u017demiau pateikiame kokie slapukai gali b\u016bti naudojami, koki\u0105 informacij\u0105 jie saugo ir kiek laiko ji yra saugoma.<\/p>\n<p>1. Slapukas: cookie_notice_accepted<br \/>Suk\u016brimo momentas: \u012e\u0117jus \u012f puslap\u012f.<br \/>Galiojimo laikas: Galioja vis\u0105 laik\u0105.<br \/>Naudojami duomenys ir tvarkymo tikslai: \u012esp\u0117jimo apie slapuk\u0173 naudojim\u0105 panaikinimo slapukas.<\/p>\n<p>2. Slapukas: APISID, HSID, NID, OGPC, SAPISID, SID, SSID.<br \/>Suk\u016brimo momentas: Sukuriamas pirm\u0105 kart\u0105 u\u017e\u0117jus \u012f svetain\u0119 arba neegzistuojant slapukui.<br \/>Galiojimo laikas: Slapukas saugomas nuo 10 min. Iki 2 m.<br \/>Naudojami duomenys ir tvarkymo tikslai: Tai analitiniai, tre\u010diosios \u0161alies slapukai (Google LLC). J\u0173 pagalba renkama pirmin\u0117 vartotoj\u0173 informacija, kuri apjungia pagrindinius Google lankytoj\u0173 paskyr\u0173 nustatymus. \u0160ie slapukai naudojami siekiant pagerinti lankytojo patirt\u012f svetain\u0117je, naudotoj\u0173 tapatybei nustatyti, apsaugoti nuo apgaulingo prisijungimo kredencial\u0173 naudojimo ir naudotoj\u0173 duomenims apsaugoti nuo neteis\u0117t\u0173 \u0161ali\u0173. Naudojami duomenys: Google slapuk\u0173 taisykl\u0117se nurodyti duomenys (daugiau \u017er. <a href=\"https:\/\/developers.google.com\/analytics\/devguides\/collection\/analyticsjs\/cookie-usage#adanalytics\"><span style=\"font-weight: 400;\">\u010dia<\/span><\/a>).<\/p>\n<p>3. Slapukas: CONSENT<br \/>Suk\u016brimo momentas: \u012e\u0117jus \u012f puslap\u012f.<br \/>Galiojimo laikas: Galioja 2 metai.<br \/>Naudojami duomenys ir tvarkymo tikslai: Google Analytics slapukas, skirtas sesijos \u012fgalinimui.<\/p>\n<p>4. Slapukas: SIDCC<br \/>Suk\u016brimo momentas: \u012e\u0117jus \u012f puslap\u012f.<br \/>Galiojimo laikas: Galioja 4 m\u0117nesius.<br \/>Naudojami duomenys ir tvarkymo tikslai: Google Analytics slapukas. Unikalus identifikatorius.<\/p>\n<p>5. Slapukas: _GRECAPTCHA<br \/>Suk\u016brimo momentas: \u012e\u0117jus \u012f puslap\u012f.<br \/>Galiojimo laikas: 6 m\u0117n.<br \/>Naudojami duomenys ir tvarkymo tikslai: Google \u012fskiepis naudojamas Recaptcha modulyje (jis apsaugo u\u017eklaus\u0173 formas nuo tre\u010di\u0173j\u0173 \u0161ali\u0173 sukurt\u0173 \u012franki\u0173, skirt\u0173 automati\u0161kai pildyti u\u017eklaus\u0173 anketas ir si\u0173sti SPAM). Slapukas renka \u0161i\u0105 informacij\u0105: lankytojo kompiuterio ar mobilaus \u012frenginio ekrano rezoliucij\u0105, dat\u0105, kalb\u0105, nar\u0161ykl\u0117s \u012fskiepius, Javascript objektus, lankytojo IP adres\u0105, puslapio, kuriame esti lankytojas CSS informacij\u0105, taip pat renka pel\u0117s klavi\u0161o paspaudim\u0173 skai\u010di\u0173.<\/p>\n<p>6. Slapukas: __Secure-3PSIDCC, __Secure-3PAPISID, __Secure-1PAPISID, __Secure-3PSID , __Secure-1PSID.<br \/>Suk\u016brimo momentas: \u012e\u0117jus \u012f puslap\u012f.<br \/>Galiojimo laikas: 2 metai<br \/>Naudojami duomenys ir tvarkymo tikslai: Google analitinis slapukas. Naudojamas kuriant svetain\u0117s lankytojo pom\u0117gi\u0173 profil\u012f, siekiant rodyti atitinkam\u0105 ir suasmenint\u0105 \u201eGoogle\u201c reklam\u0105.<\/p>\n<p><strong>Atsisakymas naudoti slapukus<\/strong><br \/><strong><\/strong><\/p>\n<p>Savo sutikim\u0105 naudoti slapukus galite pakeisti, pakeisdami nustatymus ir i\u0161trindami \u012fra\u0161ytus slapukus. Tai atlikti galite pakeisdami nar\u0161ykl\u0117s nustatymus. Da\u017eniausiai naudojam\u0173 nar\u0161ykli\u0173 nustatymus rasite nuspaud\u0119 ant \u0161i\u0173 nuorod\u0173:<\/p>\n<ul>\n<li><a href=\"https:\/\/support.google.com\/accounts\/answer\/61416?hl=en\" target=\"_blank\" rel=\"noopener noreferrer\">Google Chrome<\/a><\/li>\n<li><a href=\"https:\/\/support.microsoft.com\/en-us\/help\/17442\/windows-internet-explorer-delete-manage-cookies#ie\" target=\"_blank\" rel=\"noopener noreferrer\">Internet Explorer \/ EDGE<\/a><\/li>\n<li><a href=\"https:\/\/support.mozilla.org\/en-US\/kb\/enable-and-disable-cookies-website-preferences\" target=\"_blank\" rel=\"noopener noreferrer\">Mozilla Firefox<\/a><\/li>\n<li><a href=\"https:\/\/support.apple.com\/guide\/safari\/manage-cookies-and-website-data-sfri11471\/mac\" target=\"_blank\" rel=\"noopener noreferrer\">Apple Safari<\/a><\/li>\n<\/ul>\n<p><strong><\/strong><\/p>\n<p><strong>Nuorodos \u012f kitus tinklalapius<\/strong><br \/>M\u016bs\u0173 tinklalapyje gali b\u016bti nuorod\u0173 \u012f kitus tinklalapius. Kai naudojate \u0161ias nuorodas ir vartote kit\u0173 tinklalapi\u0173 puslapius, tur\u0117tum\u0117te \u017einoti, kad mes j\u0173 nekontroliuojame. D\u0117l min\u0117tos prie\u017easties, negalime b\u016bti atsakingi u\u017e bet kokios informacijos, kuri\u0105 pateikiate lankydamiesi tokiuose tinklalapiuose, apsaug\u0105 ir privatum\u0105. Tur\u0117tum\u0117te elgtis atsakingai ir susipa\u017einti su j\u0173 privatumo politika.<\/p>[\/et_pb_text][\/et_pb_column][\/et_pb_row][\/et_pb_section]","protected":false},"excerpt":{"rendered":"<p>Privatumo politika ir slapukai &nbsp; \u0160i privatumo politika nurodo, kaip \u0161is tinklalapis naudoja ir saugo bet koki\u0105 informacij\u0105, kuri\u0105 pateikiate lankydamiesi jame. Dedame visas pastangas, kad j\u016bs\u0173 duomenys b\u016bt\u0173 apsaugoti, tod\u0117l galite b\u016bti tikri, kad jie bus naudojami tik pagal \u0161i\u0105 privatumo politik\u0105. B\u0117gant laikui, privatumo politika gali keistis &#8211; tokiu atveju, naujas tekstas bus [&hellip;]<\/p>","protected":false},"author":6,"featured_media":0,"parent":0,"menu_order":0,"comment_status":"closed","ping_status":"closed","template":"","meta":{"_et_pb_use_builder":"on","_et_pb_old_content":"","_et_gb_content_width":"","footnotes":""},"class_list":["post-201","page","type-page","status-publish","hentry"],"yoast_head":"<!-- This site is optimized with the Yoast SEO plugin v27.5 - https:\/\/yoast.com\/product\/yoast-seo-wordpress\/ -->\n<title>Privatumo politika ir slapukai - megalangai.lt<\/title>\n<meta name=\"description\" content=\"Kokybi\u0161ki plastikiniai langai ir \u0161arvo durys. \u0160veicari\u0161kos bei voki\u0161kos kokyb\u0117s standartai. Nemokama konsultacija.\" \/>\n<meta name=\"robots\" content=\"index, follow, max-snippet:-1, max-image-preview:large, max-video-preview:-1\" \/>\n<link rel=\"canonical\" href=\"https:\/\/megalangai.lt\/en\/privatumo-politika-ir-slapukai\/\" \/>\n<meta property=\"og:locale\" content=\"en_GB\" \/>\n<meta property=\"og:type\" content=\"article\" \/>\n<meta property=\"og:title\" content=\"Privatumo politika ir slapukai - megalangai.lt\" \/>\n<meta property=\"og:description\" content=\"Kokybi\u0161ki plastikiniai langai ir \u0161arvo durys. \u0160veicari\u0161kos bei voki\u0161kos kokyb\u0117s standartai. Nemokama konsultacija.\" \/>\n<meta property=\"og:url\" content=\"https:\/\/megalangai.lt\/en\/privatumo-politika-ir-slapukai\/\" \/>\n<meta property=\"og:site_name\" content=\"megalangai.lt\" \/>\n<meta property=\"article:modified_time\" content=\"2021-07-19T07:14:59+00:00\" \/>\n<meta name=\"twitter:card\" content=\"summary_large_image\" \/>\n<meta name=\"twitter:label1\" content=\"Estimated reading time\" \/>\n\t<meta name=\"twitter:data1\" content=\"3 minutes\" \/>\n<script type=\"application\/ld+json\" class=\"yoast-schema-graph\">{\"@context\":\"https:\\\/\\\/schema.org\",\"@graph\":[{\"@type\":\"WebPage\",\"@id\":\"https:\\\/\\\/megalangai.lt\\\/privatumo-politika-ir-slapukai\\\/\",\"url\":\"https:\\\/\\\/megalangai.lt\\\/privatumo-politika-ir-slapukai\\\/\",\"name\":\"Privatumo politika ir slapukai - megalangai.lt\",\"isPartOf\":{\"@id\":\"https:\\\/\\\/megalangai.lt\\\/#website\"},\"datePublished\":\"2020-02-14T10:08:32+00:00\",\"dateModified\":\"2021-07-19T07:14:59+00:00\",\"description\":\"Kokybi\u0161ki plastikiniai langai ir \u0161arvo durys. \u0160veicari\u0161kos bei voki\u0161kos kokyb\u0117s standartai. Nemokama konsultacija.\",\"breadcrumb\":{\"@id\":\"https:\\\/\\\/megalangai.lt\\\/privatumo-politika-ir-slapukai\\\/#breadcrumb\"},\"inLanguage\":\"en-GB\",\"potentialAction\":[{\"@type\":\"ReadAction\",\"target\":[\"https:\\\/\\\/megalangai.lt\\\/privatumo-politika-ir-slapukai\\\/\"]}]},{\"@type\":\"BreadcrumbList\",\"@id\":\"https:\\\/\\\/megalangai.lt\\\/privatumo-politika-ir-slapukai\\\/#breadcrumb\",\"itemListElement\":[{\"@type\":\"ListItem\",\"position\":1,\"name\":\"Home\",\"item\":\"https:\\\/\\\/megalangai.lt\\\/\"},{\"@type\":\"ListItem\",\"position\":2,\"name\":\"Privatumo politika ir slapukai\"}]},{\"@type\":\"WebSite\",\"@id\":\"https:\\\/\\\/megalangai.lt\\\/#website\",\"url\":\"https:\\\/\\\/megalangai.lt\\\/\",\"name\":\"megalangai.lt\",\"description\":\"Plastikiniai langai ir lauko durys\",\"publisher\":{\"@id\":\"https:\\\/\\\/megalangai.lt\\\/#organization\"},\"potentialAction\":[{\"@type\":\"SearchAction\",\"target\":{\"@type\":\"EntryPoint\",\"urlTemplate\":\"https:\\\/\\\/megalangai.lt\\\/?s={search_term_string}\"},\"query-input\":{\"@type\":\"PropertyValueSpecification\",\"valueRequired\":true,\"valueName\":\"search_term_string\"}}],\"inLanguage\":\"en-GB\"},{\"@type\":\"Organization\",\"@id\":\"https:\\\/\\\/megalangai.lt\\\/#organization\",\"name\":\"megalangai.lt\",\"url\":\"https:\\\/\\\/megalangai.lt\\\/\",\"logo\":{\"@type\":\"ImageObject\",\"inLanguage\":\"en-GB\",\"@id\":\"https:\\\/\\\/megalangai.lt\\\/#\\\/schema\\\/logo\\\/image\\\/\",\"url\":\"https:\\\/\\\/megalangai.lt\\\/wp-content\\\/uploads\\\/mega-langai.png\",\"contentUrl\":\"https:\\\/\\\/megalangai.lt\\\/wp-content\\\/uploads\\\/mega-langai.png\",\"width\":500,\"height\":364,\"caption\":\"megalangai.lt\"},\"image\":{\"@id\":\"https:\\\/\\\/megalangai.lt\\\/#\\\/schema\\\/logo\\\/image\\\/\"}}]}<\/script>\n<!-- \/ Yoast SEO plugin. -->","yoast_head_json":{"title":"Privatumo politika ir slapukai - megalangai.lt","description":"Kokybi\u0161ki plastikiniai langai ir \u0161arvo durys. \u0160veicari\u0161kos bei voki\u0161kos kokyb\u0117s standartai. Nemokama konsultacija.","robots":{"index":"index","follow":"follow","max-snippet":"max-snippet:-1","max-image-preview":"max-image-preview:large","max-video-preview":"max-video-preview:-1"},"canonical":"https:\/\/megalangai.lt\/en\/privatumo-politika-ir-slapukai\/","og_locale":"en_GB","og_type":"article","og_title":"Privatumo politika ir slapukai - megalangai.lt","og_description":"Kokybi\u0161ki plastikiniai langai ir \u0161arvo durys. \u0160veicari\u0161kos bei voki\u0161kos kokyb\u0117s standartai. Nemokama konsultacija.","og_url":"https:\/\/megalangai.lt\/en\/privatumo-politika-ir-slapukai\/","og_site_name":"megalangai.lt","article_modified_time":"2021-07-19T07:14:59+00:00","twitter_card":"summary_large_image","twitter_misc":{"Estimated reading time":"3 minutes"},"schema":{"@context":"https:\/\/schema.org","@graph":[{"@type":"WebPage","@id":"https:\/\/megalangai.lt\/privatumo-politika-ir-slapukai\/","url":"https:\/\/megalangai.lt\/privatumo-politika-ir-slapukai\/","name":"Privatumo politika ir slapukai - megalangai.lt","isPartOf":{"@id":"https:\/\/megalangai.lt\/#website"},"datePublished":"2020-02-14T10:08:32+00:00","dateModified":"2021-07-19T07:14:59+00:00","description":"Kokybi\u0161ki plastikiniai langai ir \u0161arvo durys. \u0160veicari\u0161kos bei voki\u0161kos kokyb\u0117s standartai. Nemokama konsultacija.","breadcrumb":{"@id":"https:\/\/megalangai.lt\/privatumo-politika-ir-slapukai\/#breadcrumb"},"inLanguage":"en-GB","potentialAction":[{"@type":"ReadAction","target":["https:\/\/megalangai.lt\/privatumo-politika-ir-slapukai\/"]}]},{"@type":"BreadcrumbList","@id":"https:\/\/megalangai.lt\/privatumo-politika-ir-slapukai\/#breadcrumb","itemListElement":[{"@type":"ListItem","position":1,"name":"Home","item":"https:\/\/megalangai.lt\/"},{"@type":"ListItem","position":2,"name":"Privatumo politika ir slapukai"}]},{"@type":"WebSite","@id":"https:\/\/megalangai.lt\/#website","url":"https:\/\/megalangai.lt\/","name":"megalangai.lt","description":"Plastikiniai langai ir lauko durys","publisher":{"@id":"https:\/\/megalangai.lt\/#organization"},"potentialAction":[{"@type":"SearchAction","target":{"@type":"EntryPoint","urlTemplate":"https:\/\/megalangai.lt\/?s={search_term_string}"},"query-input":{"@type":"PropertyValueSpecification","valueRequired":true,"valueName":"search_term_string"}}],"inLanguage":"en-GB"},{"@type":"Organization","@id":"https:\/\/megalangai.lt\/#organization","name":"megalangai.lt","url":"https:\/\/megalangai.lt\/","logo":{"@type":"ImageObject","inLanguage":"en-GB","@id":"https:\/\/megalangai.lt\/#\/schema\/logo\/image\/","url":"https:\/\/megalangai.lt\/wp-content\/uploads\/mega-langai.png","contentUrl":"https:\/\/megalangai.lt\/wp-content\/uploads\/mega-langai.png","width":500,"height":364,"caption":"megalangai.lt"},"image":{"@id":"https:\/\/megalangai.lt\/#\/schema\/logo\/image\/"}}]}},"_links":{"self":[{"href":"https:\/\/megalangai.lt\/en\/wp-json\/wp\/v2\/pages\/201","targetHints":{"allow":["GET"]}}],"collection":[{"href":"https:\/\/megalangai.lt\/en\/wp-json\/wp\/v2\/pages"}],"about":[{"href":"https:\/\/megalangai.lt\/en\/wp-json\/wp\/v2\/types\/page"}],"author":[{"embeddable":true,"href":"https:\/\/megalangai.lt\/en\/wp-json\/wp\/v2\/users\/6"}],"replies":[{"embeddable":true,"href":"https:\/\/megalangai.lt\/en\/wp-json\/wp\/v2\/comments?post=201"}],"version-history":[{"count":6,"href":"https:\/\/megalangai.lt\/en\/wp-json\/wp\/v2\/pages\/201\/revisions"}],"predecessor-version":[{"id":1893,"href":"https:\/\/megalangai.lt\/en\/wp-json\/wp\/v2\/pages\/201\/revisions\/1893"}],"wp:attachment":[{"href":"https:\/\/megalangai.lt\/en\/wp-json\/wp\/v2\/media?parent=201"}],"curies":[{"name":"wp","href":"https:\/\/api.w.org\/{rel}","templated":true}]}}