{"id":1436,"date":"2021-06-18T12:03:01","date_gmt":"2021-06-18T09:03:01","guid":{"rendered":"http:\/\/megalangai.lt\/?page_id=1436"},"modified":"2024-02-24T17:37:52","modified_gmt":"2024-02-24T15:37:52","slug":"kontaktai","status":"publish","type":"page","link":"https:\/\/megalangai.lt\/en\/kontaktai\/","title":{"rendered":"contacts"},"content":{"rendered":"<p>[et_pb_section fb_built=&#8221;1&#8243; _builder_version=&#8221;4.16&#8243; _module_preset=&#8221;default&#8221; custom_padding=&#8221;||||false|false&#8221; global_colors_info=&#8221;{}&#8221;][et_pb_row _builder_version=&#8221;4.16&#8243; _module_preset=&#8221;default&#8221; custom_padding=&#8221;0px||0px||true|false&#8221; global_colors_info=&#8221;{}&#8221;][et_pb_column type=&#8221;4_4&#8243; _builder_version=&#8221;4.16&#8243; _module_preset=&#8221;default&#8221; background_color=&#8221;#001B47&#8243; custom_padding=&#8221;30px|40px|20px|40px|false|true&#8221; custom_padding_tablet=&#8221;&#8221; custom_padding_phone=&#8221;15px|20px|8px|20px|false|true&#8221; custom_padding_last_edited=&#8221;on|phone&#8221; global_colors_info=&#8221;{}&#8221;][et_pb_text _builder_version=&#8221;4.24.2&#8243; _module_preset=&#8221;default&#8221; header_2_font=&#8221;|||on|||||&#8221; header_2_text_color=&#8221;#FFFFFF&#8221; header_3_font=&#8221;|||on|||||&#8221; header_3_text_align=&#8221;left&#8221; header_3_text_color=&#8221;#FFFFFF&#8221; custom_margin=&#8221;||||false|false&#8221; custom_padding=&#8221;||||false|false&#8221; hover_enabled=&#8221;0&#8243; header_2_text_align_tablet=&#8221;center&#8221; header_2_text_align_phone=&#8221;center&#8221; header_2_text_align_last_edited=&#8221;on|desktop&#8221; header_2_font_size_tablet=&#8221;&#8221; header_2_font_size_phone=&#8221;20px&#8221; header_2_font_size_last_edited=&#8221;on|phone&#8221; header_3_text_align_tablet=&#8221;center&#8221; header_3_text_align_phone=&#8221;&#8221; header_3_text_align_last_edited=&#8221;on|desktop&#8221; header_3_font_size_tablet=&#8221;&#8221; header_3_font_size_phone=&#8221;18px&#8221; header_3_font_size_last_edited=&#8221;on|desktop&#8221; global_colors_info=&#8221;{}&#8221; sticky_enabled=&#8221;0&#8243;]<\/p>\n<h1><span style=\"color: #ffffff;\">CONTACTS<\/span><\/h1>\n<p>[\/et_pb_text][\/et_pb_column][\/et_pb_row][\/et_pb_section][et_pb_section fb_built=&#8221;1&#8243; fullwidth=&#8221;on&#8221; _builder_version=&#8221;4.16&#8243; _module_preset=&#8221;default&#8221; global_colors_info=&#8221;{}&#8221;][et_pb_fullwidth_map address=&#8221;Pakaln\u0117s gatv\u0117, Lietuva&#8221; zoom_level=&#8221;13&#8243; address_lat=&#8221;55.0585485&#8243; address_lng=&#8221;24.2691003&#8243; mouse_wheel=&#8221;off&#8221; _builder_version=&#8221;4.16&#8243; _module_preset=&#8221;default&#8221; global_colors_info=&#8221;{}&#8221;][et_pb_map_pin pin_address=&#8221;Pakaln\u0117s gatv\u0117, Lietuva&#8221; zoom_level=&#8221;13&#8243; pin_address_lat=&#8221;55.0585485&#8243; pin_address_lng=&#8221;24.2691003&#8243; _builder_version=&#8221;4.9.7&#8243; _module_preset=&#8221;default&#8221; global_colors_info=&#8221;{}&#8221;][\/et_pb_map_pin][\/et_pb_fullwidth_map][\/et_pb_section]<\/p>","protected":false},"excerpt":{"rendered":"<p>CONTACTS<\/p>","protected":false},"author":6,"featured_media":0,"parent":0,"menu_order":0,"comment_status":"closed","ping_status":"closed","template":"","meta":{"_et_pb_use_builder":"on","_et_pb_old_content":"","_et_gb_content_width":"","footnotes":""},"class_list":["post-1436","page","type-page","status-publish","hentry"],"yoast_head":"<!-- This site is optimized with the Yoast SEO plugin v27.5 - https:\/\/yoast.com\/product\/yoast-seo-wordpress\/ -->\n<title>Kontaktai - megalangai.lt<\/title>\n<meta name=\"description\" content=\"Kokybi\u0161ki plastikiniai langai ir \u0161arvo durys. \u0160veicari\u0161kos bei voki\u0161kos kokyb\u0117s standartai. Nemokama konsultacija. www.megalangai.lt\" \/>\n<meta name=\"robots\" content=\"index, follow, max-snippet:-1, max-image-preview:large, max-video-preview:-1\" \/>\n<link rel=\"canonical\" href=\"https:\/\/megalangai.lt\/en\/kontaktai\/\" \/>\n<meta property=\"og:locale\" content=\"en_GB\" \/>\n<meta property=\"og:type\" content=\"article\" \/>\n<meta property=\"og:title\" content=\"Kontaktai - megalangai.lt\" \/>\n<meta property=\"og:description\" content=\"Kokybi\u0161ki plastikiniai langai ir \u0161arvo durys. \u0160veicari\u0161kos bei voki\u0161kos kokyb\u0117s standartai. Nemokama konsultacija. www.megalangai.lt\" \/>\n<meta property=\"og:url\" content=\"https:\/\/megalangai.lt\/en\/kontaktai\/\" \/>\n<meta property=\"og:site_name\" content=\"megalangai.lt\" \/>\n<meta property=\"article:modified_time\" content=\"2024-02-24T15:37:52+00:00\" \/>\n<meta name=\"twitter:card\" content=\"summary_large_image\" \/>\n<meta name=\"twitter:label1\" content=\"Estimated reading time\" \/>\n\t<meta name=\"twitter:data1\" content=\"2 minutes\" \/>\n<script type=\"application\/ld+json\" class=\"yoast-schema-graph\">{\"@context\":\"https:\\\/\\\/schema.org\",\"@graph\":[{\"@type\":\"WebPage\",\"@id\":\"https:\\\/\\\/megalangai.lt\\\/kontaktai\\\/\",\"url\":\"https:\\\/\\\/megalangai.lt\\\/kontaktai\\\/\",\"name\":\"Kontaktai - megalangai.lt\",\"isPartOf\":{\"@id\":\"https:\\\/\\\/megalangai.lt\\\/#website\"},\"datePublished\":\"2021-06-18T09:03:01+00:00\",\"dateModified\":\"2024-02-24T15:37:52+00:00\",\"description\":\"Kokybi\u0161ki plastikiniai langai ir \u0161arvo durys. \u0160veicari\u0161kos bei voki\u0161kos kokyb\u0117s standartai. Nemokama konsultacija. www.megalangai.lt\",\"breadcrumb\":{\"@id\":\"https:\\\/\\\/megalangai.lt\\\/kontaktai\\\/#breadcrumb\"},\"inLanguage\":\"en-GB\",\"potentialAction\":[{\"@type\":\"ReadAction\",\"target\":[\"https:\\\/\\\/megalangai.lt\\\/kontaktai\\\/\"]}]},{\"@type\":\"BreadcrumbList\",\"@id\":\"https:\\\/\\\/megalangai.lt\\\/kontaktai\\\/#breadcrumb\",\"itemListElement\":[{\"@type\":\"ListItem\",\"position\":1,\"name\":\"Home\",\"item\":\"https:\\\/\\\/megalangai.lt\\\/\"},{\"@type\":\"ListItem\",\"position\":2,\"name\":\"Kontaktai\"}]},{\"@type\":\"WebSite\",\"@id\":\"https:\\\/\\\/megalangai.lt\\\/#website\",\"url\":\"https:\\\/\\\/megalangai.lt\\\/\",\"name\":\"megalangai.lt\",\"description\":\"Plastikiniai langai ir lauko durys\",\"publisher\":{\"@id\":\"https:\\\/\\\/megalangai.lt\\\/#organization\"},\"potentialAction\":[{\"@type\":\"SearchAction\",\"target\":{\"@type\":\"EntryPoint\",\"urlTemplate\":\"https:\\\/\\\/megalangai.lt\\\/?s={search_term_string}\"},\"query-input\":{\"@type\":\"PropertyValueSpecification\",\"valueRequired\":true,\"valueName\":\"search_term_string\"}}],\"inLanguage\":\"en-GB\"},{\"@type\":\"Organization\",\"@id\":\"https:\\\/\\\/megalangai.lt\\\/#organization\",\"name\":\"megalangai.lt\",\"url\":\"https:\\\/\\\/megalangai.lt\\\/\",\"logo\":{\"@type\":\"ImageObject\",\"inLanguage\":\"en-GB\",\"@id\":\"https:\\\/\\\/megalangai.lt\\\/#\\\/schema\\\/logo\\\/image\\\/\",\"url\":\"https:\\\/\\\/megalangai.lt\\\/wp-content\\\/uploads\\\/mega-langai.png\",\"contentUrl\":\"https:\\\/\\\/megalangai.lt\\\/wp-content\\\/uploads\\\/mega-langai.png\",\"width\":500,\"height\":364,\"caption\":\"megalangai.lt\"},\"image\":{\"@id\":\"https:\\\/\\\/megalangai.lt\\\/#\\\/schema\\\/logo\\\/image\\\/\"}}]}<\/script>\n<!-- \/ Yoast SEO plugin. -->","yoast_head_json":{"title":"Kontaktai - megalangai.lt","description":"Kokybi\u0161ki plastikiniai langai ir \u0161arvo durys. \u0160veicari\u0161kos bei voki\u0161kos kokyb\u0117s standartai. Nemokama konsultacija. www.megalangai.lt","robots":{"index":"index","follow":"follow","max-snippet":"max-snippet:-1","max-image-preview":"max-image-preview:large","max-video-preview":"max-video-preview:-1"},"canonical":"https:\/\/megalangai.lt\/en\/kontaktai\/","og_locale":"en_GB","og_type":"article","og_title":"Kontaktai - megalangai.lt","og_description":"Kokybi\u0161ki plastikiniai langai ir \u0161arvo durys. \u0160veicari\u0161kos bei voki\u0161kos kokyb\u0117s standartai. Nemokama konsultacija. www.megalangai.lt","og_url":"https:\/\/megalangai.lt\/en\/kontaktai\/","og_site_name":"megalangai.lt","article_modified_time":"2024-02-24T15:37:52+00:00","twitter_card":"summary_large_image","twitter_misc":{"Estimated reading time":"2 minutes"},"schema":{"@context":"https:\/\/schema.org","@graph":[{"@type":"WebPage","@id":"https:\/\/megalangai.lt\/kontaktai\/","url":"https:\/\/megalangai.lt\/kontaktai\/","name":"Kontaktai - megalangai.lt","isPartOf":{"@id":"https:\/\/megalangai.lt\/#website"},"datePublished":"2021-06-18T09:03:01+00:00","dateModified":"2024-02-24T15:37:52+00:00","description":"Kokybi\u0161ki plastikiniai langai ir \u0161arvo durys. \u0160veicari\u0161kos bei voki\u0161kos kokyb\u0117s standartai. Nemokama konsultacija. www.megalangai.lt","breadcrumb":{"@id":"https:\/\/megalangai.lt\/kontaktai\/#breadcrumb"},"inLanguage":"en-GB","potentialAction":[{"@type":"ReadAction","target":["https:\/\/megalangai.lt\/kontaktai\/"]}]},{"@type":"BreadcrumbList","@id":"https:\/\/megalangai.lt\/kontaktai\/#breadcrumb","itemListElement":[{"@type":"ListItem","position":1,"name":"Home","item":"https:\/\/megalangai.lt\/"},{"@type":"ListItem","position":2,"name":"Kontaktai"}]},{"@type":"WebSite","@id":"https:\/\/megalangai.lt\/#website","url":"https:\/\/megalangai.lt\/","name":"megalangai.lt","description":"Plastikiniai langai ir lauko durys","publisher":{"@id":"https:\/\/megalangai.lt\/#organization"},"potentialAction":[{"@type":"SearchAction","target":{"@type":"EntryPoint","urlTemplate":"https:\/\/megalangai.lt\/?s={search_term_string}"},"query-input":{"@type":"PropertyValueSpecification","valueRequired":true,"valueName":"search_term_string"}}],"inLanguage":"en-GB"},{"@type":"Organization","@id":"https:\/\/megalangai.lt\/#organization","name":"megalangai.lt","url":"https:\/\/megalangai.lt\/","logo":{"@type":"ImageObject","inLanguage":"en-GB","@id":"https:\/\/megalangai.lt\/#\/schema\/logo\/image\/","url":"https:\/\/megalangai.lt\/wp-content\/uploads\/mega-langai.png","contentUrl":"https:\/\/megalangai.lt\/wp-content\/uploads\/mega-langai.png","width":500,"height":364,"caption":"megalangai.lt"},"image":{"@id":"https:\/\/megalangai.lt\/#\/schema\/logo\/image\/"}}]}},"_links":{"self":[{"href":"https:\/\/megalangai.lt\/en\/wp-json\/wp\/v2\/pages\/1436","targetHints":{"allow":["GET"]}}],"collection":[{"href":"https:\/\/megalangai.lt\/en\/wp-json\/wp\/v2\/pages"}],"about":[{"href":"https:\/\/megalangai.lt\/en\/wp-json\/wp\/v2\/types\/page"}],"author":[{"embeddable":true,"href":"https:\/\/megalangai.lt\/en\/wp-json\/wp\/v2\/users\/6"}],"replies":[{"embeddable":true,"href":"https:\/\/megalangai.lt\/en\/wp-json\/wp\/v2\/comments?post=1436"}],"version-history":[{"count":11,"href":"https:\/\/megalangai.lt\/en\/wp-json\/wp\/v2\/pages\/1436\/revisions"}],"predecessor-version":[{"id":5329,"href":"https:\/\/megalangai.lt\/en\/wp-json\/wp\/v2\/pages\/1436\/revisions\/5329"}],"wp:attachment":[{"href":"https:\/\/megalangai.lt\/en\/wp-json\/wp\/v2\/media?parent=1436"}],"curies":[{"name":"wp","href":"https:\/\/api.w.org\/{rel}","templated":true}]}}