{"id":1430,"date":"2021-06-18T11:59:44","date_gmt":"2021-06-18T08:59:44","guid":{"rendered":"http:\/\/megalangai.lt\/?page_id=1430"},"modified":"2024-02-24T16:45:01","modified_gmt":"2024-02-24T14:45:01","slug":"apie-mus","status":"publish","type":"page","link":"https:\/\/megalangai.lt\/en\/apie-mus\/","title":{"rendered":"about us"},"content":{"rendered":"<p>[et_pb_section fb_built=&#8221;1&#8243; _builder_version=&#8221;4.18.0&#8243; _module_preset=&#8221;default&#8221; use_background_color_gradient=&#8221;on&#8221; background_color_gradient_stops=&#8221;rgba(0,27,71,0.68) 0%|rgba(0,27,71,0.68) 100%&#8221; background_color_gradient_overlays_image=&#8221;on&#8221; background_image=&#8221;http:\/\/megalangai.lt\/wp-content\/uploads\/apie-mus.jpg&#8221; background_position=&#8221;bottom_center&#8221; background_vertical_offset=&#8221;30%&#8221; width=&#8221;96%&#8221; max_width=&#8221;100%&#8221; module_alignment=&#8221;center&#8221; height=&#8221;350px&#8221; height_tablet=&#8221;350px&#8221; height_phone=&#8221;327px&#8221; height_last_edited=&#8221;on|phone&#8221; custom_margin=&#8221;15px||||false|false&#8221; global_colors_info=&#8221;{}&#8221;][et_pb_row column_structure=&#8221;1_2,1_2&#8243; make_equal=&#8221;on&#8221; _builder_version=&#8221;4.17.4&#8243; _module_preset=&#8221;default&#8221; global_colors_info=&#8221;{}&#8221;][et_pb_column type=&#8221;1_2&#8243; _builder_version=&#8221;4.17.4&#8243; _module_preset=&#8221;default&#8221; global_colors_info=&#8221;{}&#8221;][et_pb_text _builder_version=&#8221;4.18.0&#8243; _module_preset=&#8221;default&#8221; header_font=&#8221;|600|||||||&#8221; header_text_color=&#8221;#FFFFFF&#8221; header_font_size=&#8221;48px&#8221; custom_margin=&#8221;25px||10px||false|false&#8221; custom_margin_tablet=&#8221;&#8221; custom_margin_phone=&#8221;&#8221; custom_margin_last_edited=&#8221;on|desktop&#8221; custom_padding=&#8221;|||10px|false|false&#8221; header_font_size_tablet=&#8221;&#8221; header_font_size_phone=&#8221;30px&#8221; header_font_size_last_edited=&#8221;on|phone&#8221; border_color_all=&#8221;#FF8C00&#8243; border_width_left=&#8221;3px&#8221; global_colors_info=&#8221;{}&#8221;]<\/p>\n<h1>ABOUT MEGA LANGAI<\/h1>\n<p>[\/et_pb_text][et_pb_text _builder_version=&#8221;4.18.0&#8243; _module_preset=&#8221;default&#8221; text_text_color=&#8221;#FFFFFF&#8221; global_colors_info=&#8221;{}&#8221;]<\/p>\n<p>High quality uPVC windows and a wide range of doors at a good price for every home!<\/p>\n<p>[\/et_pb_text][et_pb_button button_url=&#8221;#Uzklausa&#8221; button_text=&#8221;SI\u0172STI U\u017dKLAUS\u0104&#8221; _builder_version=&#8221;4.17.4&#8243; _module_preset=&#8221;default&#8221; custom_button=&#8221;on&#8221; button_text_color=&#8221;#FFFFFF&#8221; button_bg_color=&#8221;#FF8C00&#8243; button_border_radius=&#8221;3px&#8221; button_font=&#8221;|600|||||||&#8221; custom_padding=&#8221;6px||6px||true|false&#8221; global_colors_info=&#8221;{}&#8221;][\/et_pb_button][\/et_pb_column][et_pb_column type=&#8221;1_2&#8243; _builder_version=&#8221;4.17.4&#8243; _module_preset=&#8221;default&#8221; global_colors_info=&#8221;{}&#8221;][et_pb_blurb title=&#8221;Sertifikuota produkcija ir auk\u0161\u010diausia kokyb\u0117&#8221; use_icon=&#8221;on&#8221; font_icon=&#8221;&#x40;||divi||400&#8243; icon_color=&#8221;#FF8C00&#8243; icon_placement=&#8221;left&#8221; disabled_on=&#8221;on|on|off&#8221; _builder_version=&#8221;4.18.0&#8243; _module_preset=&#8221;default&#8221; header_font=&#8221;|600|||||||&#8221; header_text_color=&#8221;#FFFFFF&#8221; header_font_size=&#8221;17px&#8221; body_font=&#8221;||||||||&#8221; body_text_color=&#8221;#FFFFFF&#8221; body_font_size=&#8221;14px&#8221; custom_margin=&#8221;20px||||false|false&#8221; global_colors_info=&#8221;{}&#8221;]<\/p>\n<p>Guarantees and declarations are provided for all products, we offer both economical and the highest A++ energy class products<\/p>\n<p>[\/et_pb_blurb][et_pb_blurb title=&#8221;Rinkoje pirmaujantys gaminiai u\u017e prieinam\u0105 kain\u0105&#8221; use_icon=&#8221;on&#8221; font_icon=&#8221;&#x40;||divi||400&#8243; icon_color=&#8221;#FF8C00&#8243; icon_placement=&#8221;left&#8221; disabled_on=&#8221;on|on|off&#8221; _builder_version=&#8221;4.18.0&#8243; _module_preset=&#8221;default&#8221; header_font=&#8221;|600|||||||&#8221; header_text_color=&#8221;#FFFFFF&#8221; header_font_size=&#8221;17px&#8221; body_text_color=&#8221;#FFFFFF&#8221; body_font_size=&#8221;14px&#8221; global_colors_info=&#8221;{}&#8221;]<\/p>\n<p>Here you can buy time-tested uPVC windows profiles that meet German quality standards<\/p>\n<p>[\/et_pb_blurb][\/et_pb_column][\/et_pb_row][\/et_pb_section][et_pb_section fb_built=&#8221;1&#8243; _builder_version=&#8221;4.18.0&#8243; _module_preset=&#8221;default&#8221; custom_margin=&#8221;20px||||false|false&#8221; custom_padding=&#8221;||0px||false|false&#8221; global_colors_info=&#8221;{}&#8221;][et_pb_row _builder_version=&#8221;4.18.0&#8243; _module_preset=&#8221;default&#8221; custom_margin=&#8221;-60px||-20px||false|false&#8221; global_colors_info=&#8221;{}&#8221;][et_pb_column type=&#8221;4_4&#8243; _builder_version=&#8221;4.16&#8243; _module_preset=&#8221;default&#8221; global_colors_info=&#8221;{}&#8221;][et_pb_text _builder_version=&#8221;4.18.0&#8243; _module_preset=&#8221;default&#8221; header_2_font=&#8221;|||on|||||&#8221; header_2_text_align=&#8221;center&#8221; header_2_text_color=&#8221;#001B47&#8243; header_2_font_size=&#8221;28px&#8221; header_3_text_color=&#8221;#FF8C00&#8243; header_3_font_size=&#8221;19px&#8221; header_3_line_height=&#8221;1.3em&#8221; header_2_font_size_tablet=&#8221;28px&#8221; header_2_font_size_phone=&#8221;22px&#8221; header_2_font_size_last_edited=&#8221;on|phone&#8221; header_3_font_size_tablet=&#8221;&#8221; header_3_font_size_phone=&#8221;18px&#8221; header_3_font_size_last_edited=&#8221;on|phone&#8221; global_colors_info=&#8221;{}&#8221;]<\/p>\n<h2 style=\"text-align: left;\"><strong>about us<\/strong><\/h2>\n<p>[\/et_pb_text][et_pb_divider color=&#8221;#FF8C00&#8243; divider_weight=&#8221;3px&#8221; disabled_on=&#8221;on|on|off&#8221; _builder_version=&#8221;4.18.0&#8243; _module_preset=&#8221;default&#8221; transform_translate=&#8221;342px|0px&#8221; transform_translate_linked=&#8221;off&#8221; width=&#8221;10%&#8221; custom_margin=&#8221;-25px||0px|-343px|false|false&#8221; hover_enabled=&#8221;0&#8243; global_colors_info=&#8221;{}&#8221; sticky_enabled=&#8221;0&#8243;][\/et_pb_divider][\/et_pb_column][\/et_pb_row][et_pb_row column_structure=&#8221;3_4,1_4&#8243; _builder_version=&#8221;4.18.0&#8243; _module_preset=&#8221;default&#8221; custom_padding=&#8221;0px||||false|false&#8221; global_colors_info=&#8221;{}&#8221;][et_pb_column type=&#8221;3_4&#8243; _builder_version=&#8221;4.16&#8243; _module_preset=&#8221;default&#8221; global_colors_info=&#8221;{}&#8221;][et_pb_text _builder_version=&#8221;4.24.2&#8243; _module_preset=&#8221;default&#8221; header_3_text_color=&#8221;#FF8C00&#8243; header_3_font_size=&#8221;19px&#8221; header_3_line_height=&#8221;1.3em&#8221; hover_enabled=&#8221;0&#8243; header_3_font_size_tablet=&#8221;&#8221; header_3_font_size_phone=&#8221;18px&#8221; header_3_font_size_last_edited=&#8221;on|phone&#8221; global_colors_info=&#8221;{}&#8221; sticky_enabled=&#8221;0&#8243;]<\/p>\n<p style=\"text-align: justify;\">High quality <a href=\"http:\/\/megalangai.lt\/en\/plastikiniai-langai\/\">uPVC windows <\/a>and entrance <a href=\"http:\/\/megalangai.lt\/en\/lauko-durys\/\">doors<\/a> - one of the most important components of a warm and bright home. There is nothing cozier than sitting comfortably in a warm house on a cold and wet day, holding a cup of hot tea in your hands, watching the dull life through the window and enjoying the relaxation oasis provided by a warm and bright house.<\/p>\n<p style=\"text-align: justify;\">Is it time to create such a cozy space for you too? Our team is ready to turn your dream home into reality with the highest quality products and a professional team of experts. Home renovation has never been so quick and easy.<\/p>\n<p style=\"text-align: justify;\">Our goal is to meet the client's needs as much as possible. This includes ours <a href=\"http:\/\/megalangai.lt\/en\/paslaugos\/\">services<\/a>, customer service and support of the highest quality in both the service sector and products. Our price is competitive, we work both with economic type profiles and with profiles that meet the requirements of new construction, passive houses (energy class A, A+ and A++).<\/p>\n<p style=\"text-align: justify;\">The product list that we offer to our customers is characterized by high quality, which is favorably accepted abroad - Scandinavian countries, UK and US. There is no shortage of famous brands such as Veka and K\u00f6mmerling, which offer the best uPVC windows and doors, as well as the German brand WinkHaus and the Austrian Maco, which offer the best quality window and door hardware. Thanks to them, the windows are durable, designed for safe, comfortable and regular use.<\/p>\n<p style=\"text-align: justify;\"><a href=\"https:\/\/megalangai.lt\/en\/sarvuotos-durys\/\">Custom made steel doors<\/a> are equipped only with quality locks made by famous brands such as ASSA and Securemme. We work only with reliable and best-rated materials and products. Our entire range is certified, we provide declarations of conformity. It is important to us that each of our products improves the quality of your home and gives your home more comfort and better conditions for relaxation.<\/p>\n<p style=\"text-align: justify;\">Our experts will reach you in any corner of Lithuania, advise and offer the best option for your home. So if you want to get windows or doors as soon as possible, we are close by to provide you with our assistance.<\/p>\n<p>[\/et_pb_text][\/et_pb_column][et_pb_column type=&#8221;1_4&#8243; _builder_version=&#8221;4.16&#8243; _module_preset=&#8221;default&#8221; global_colors_info=&#8221;{}&#8221;][et_pb_image src=&#8221;http:\/\/megalangai.lt\/wp-content\/uploads\/mega-langai.png&#8221; title_text=&#8221;mega-langai&#8221; align=&#8221;center&#8221; disabled_on=&#8221;on|on|off&#8221; _builder_version=&#8221;4.18.0&#8243; _module_preset=&#8221;default&#8221; width=&#8221;140px&#8221; custom_margin=&#8221;||50px||false|false&#8221; custom_margin_tablet=&#8221;&#8221; custom_margin_phone=&#8221;||30px||false|false&#8221; custom_margin_last_edited=&#8221;on|phone&#8221; global_colors_info=&#8221;{}&#8221;][\/et_pb_image][\/et_pb_column][\/et_pb_row][et_pb_row column_structure=&#8221;2_3,1_3&#8243; _builder_version=&#8221;4.18.0&#8243; _module_preset=&#8221;default&#8221; custom_margin=&#8221;||40px||false|false&#8221; global_colors_info=&#8221;{}&#8221;][et_pb_column type=&#8221;2_3&#8243; _builder_version=&#8221;4.18.0&#8243; _module_preset=&#8221;default&#8221; global_colors_info=&#8221;{}&#8221;][et_pb_text _builder_version=&#8221;4.18.0&#8243; _module_preset=&#8221;default&#8221; header_3_text_color=&#8221;#001B47&#8243; header_3_font_size=&#8221;20px&#8221; global_colors_info=&#8221;{}&#8221;]<\/p>\n<h3><strong>MEGA LANGAI \u2013 THE STRONGEST IN LITHUANIA in 2021<\/strong><\/h3>\n<p>[\/et_pb_text][et_pb_text _builder_version=&#8221;4.18.0&#8243; _module_preset=&#8221;default&#8221; global_colors_info=&#8221;{}&#8221;]<\/p>\n<div dir=\"auto\">Our customers are our highest priority. We are always ready to give advice, free consultation. We evaluate each client and object individually, so we carefully listen to the client's needs and implement them. We appreciate each of you's rating and nice feedback. We promise to constantly improve and be your strongest, most reliable partners.<\/div>\n<p>[\/et_pb_text][\/et_pb_column][et_pb_column type=&#8221;1_3&#8243; _builder_version=&#8221;4.18.0&#8243; _module_preset=&#8221;default&#8221; global_colors_info=&#8221;{}&#8221;][et_pb_image src=&#8221;http:\/\/megalangai.lt\/wp-content\/uploads\/stipriausi-lietuvoje-2021.jpg&#8221; alt=&#8221;stipriausi-lietuvoje-2021&#8243; title_text=&#8221;stipriausi-lietuvoje-2021&#8243; show_bottom_space=&#8221;off&#8221; align=&#8221;center&#8221; _builder_version=&#8221;4.18.0&#8243; _module_preset=&#8221;default&#8221; height=&#8221;180px&#8221; custom_margin=&#8221;-25px||20px||false|false&#8221; global_colors_info=&#8221;{}&#8221;][\/et_pb_image][\/et_pb_column][\/et_pb_row][\/et_pb_section]<\/p>","protected":false},"excerpt":{"rendered":"<p>APIE MEGA LANGAIKokybi\u0161ki plastikiniai langai ir platus dur\u0173 asortimentas u\u017e ger\u0105 kain\u0105 kiekvienam b\u016bstui!Visai produkcijai suteikiamos garantijos ir deklaracijos, si\u016blome tiek ekonomin\u0117s tiek auk\u0161\u010diausios A++ klas\u0117s gaminiusPas mus galite \u012fsigyti voki\u0161kos ir dani\u0161kos kokyb\u0117s standartus atitinkan\u010dius, laiko patikrintus prekinius \u017eenklusApie musKokybi\u0161ki plastikiniai langai ir pagrindin\u0117s namo durys \u2013 viena svarbiausi\u0173 \u0161ilto ir \u0161viesaus b\u016bsto sudedam\u0173j\u0173 [&hellip;]<\/p>","protected":false},"author":6,"featured_media":0,"parent":0,"menu_order":0,"comment_status":"closed","ping_status":"closed","template":"","meta":{"_et_pb_use_builder":"on","_et_pb_old_content":"","_et_gb_content_width":"","footnotes":""},"class_list":["post-1430","page","type-page","status-publish","hentry"],"yoast_head":"<!-- This site is optimized with the Yoast SEO plugin v27.6 - https:\/\/yoast.com\/product\/yoast-seo-wordpress\/ -->\n<title>Plastikiniai langai ir durys - Mega Langai megalangai.lt<\/title>\n<meta name=\"description\" content=\"Mega langai - laikas \u012f b\u016bst\u0105 \u012fne\u0161ti daugiau \u0161viesos ir \u0161ilumos! Plastikiniai langai ir durys A+, A++ ir ekonomin\u0117s klas\u0117s b\u016bstui.\" \/>\n<meta name=\"robots\" content=\"index, follow, max-snippet:-1, max-image-preview:large, max-video-preview:-1\" \/>\n<link rel=\"canonical\" href=\"https:\/\/megalangai.lt\/en\/apie-mus\/\" \/>\n<meta property=\"og:locale\" content=\"en_GB\" \/>\n<meta property=\"og:type\" content=\"article\" \/>\n<meta property=\"og:title\" content=\"Plastikiniai langai ir durys - Mega Langai megalangai.lt\" \/>\n<meta property=\"og:description\" content=\"Mega langai - laikas \u012f b\u016bst\u0105 \u012fne\u0161ti daugiau \u0161viesos ir \u0161ilumos! Plastikiniai langai ir durys A+, A++ ir ekonomin\u0117s klas\u0117s b\u016bstui.\" \/>\n<meta property=\"og:url\" content=\"https:\/\/megalangai.lt\/en\/apie-mus\/\" \/>\n<meta property=\"og:site_name\" content=\"megalangai.lt\" \/>\n<meta property=\"article:modified_time\" content=\"2024-02-24T14:45:01+00:00\" \/>\n<meta name=\"twitter:card\" content=\"summary_large_image\" \/>\n<meta name=\"twitter:label1\" content=\"Estimated reading time\" \/>\n\t<meta name=\"twitter:data1\" content=\"4 minutes\" \/>\n<script type=\"application\/ld+json\" class=\"yoast-schema-graph\">{\"@context\":\"https:\\\/\\\/schema.org\",\"@graph\":[{\"@type\":\"WebPage\",\"@id\":\"https:\\\/\\\/megalangai.lt\\\/apie-mus\\\/\",\"url\":\"https:\\\/\\\/megalangai.lt\\\/apie-mus\\\/\",\"name\":\"Plastikiniai langai ir durys - Mega Langai megalangai.lt\",\"isPartOf\":{\"@id\":\"https:\\\/\\\/megalangai.lt\\\/#website\"},\"datePublished\":\"2021-06-18T08:59:44+00:00\",\"dateModified\":\"2024-02-24T14:45:01+00:00\",\"description\":\"Mega langai - laikas \u012f b\u016bst\u0105 \u012fne\u0161ti daugiau \u0161viesos ir \u0161ilumos! Plastikiniai langai ir durys A+, A++ ir ekonomin\u0117s klas\u0117s b\u016bstui.\",\"breadcrumb\":{\"@id\":\"https:\\\/\\\/megalangai.lt\\\/apie-mus\\\/#breadcrumb\"},\"inLanguage\":\"en-GB\",\"potentialAction\":[{\"@type\":\"ReadAction\",\"target\":[\"https:\\\/\\\/megalangai.lt\\\/apie-mus\\\/\"]}]},{\"@type\":\"BreadcrumbList\",\"@id\":\"https:\\\/\\\/megalangai.lt\\\/apie-mus\\\/#breadcrumb\",\"itemListElement\":[{\"@type\":\"ListItem\",\"position\":1,\"name\":\"Home\",\"item\":\"https:\\\/\\\/megalangai.lt\\\/\"},{\"@type\":\"ListItem\",\"position\":2,\"name\":\"Apie mus\"}]},{\"@type\":\"WebSite\",\"@id\":\"https:\\\/\\\/megalangai.lt\\\/#website\",\"url\":\"https:\\\/\\\/megalangai.lt\\\/\",\"name\":\"megalangai.lt\",\"description\":\"Plastikiniai langai ir lauko durys\",\"publisher\":{\"@id\":\"https:\\\/\\\/megalangai.lt\\\/#organization\"},\"potentialAction\":[{\"@type\":\"SearchAction\",\"target\":{\"@type\":\"EntryPoint\",\"urlTemplate\":\"https:\\\/\\\/megalangai.lt\\\/?s={search_term_string}\"},\"query-input\":{\"@type\":\"PropertyValueSpecification\",\"valueRequired\":true,\"valueName\":\"search_term_string\"}}],\"inLanguage\":\"en-GB\"},{\"@type\":\"Organization\",\"@id\":\"https:\\\/\\\/megalangai.lt\\\/#organization\",\"name\":\"megalangai.lt\",\"url\":\"https:\\\/\\\/megalangai.lt\\\/\",\"logo\":{\"@type\":\"ImageObject\",\"inLanguage\":\"en-GB\",\"@id\":\"https:\\\/\\\/megalangai.lt\\\/#\\\/schema\\\/logo\\\/image\\\/\",\"url\":\"https:\\\/\\\/megalangai.lt\\\/wp-content\\\/uploads\\\/mega-langai.png\",\"contentUrl\":\"https:\\\/\\\/megalangai.lt\\\/wp-content\\\/uploads\\\/mega-langai.png\",\"width\":500,\"height\":364,\"caption\":\"megalangai.lt\"},\"image\":{\"@id\":\"https:\\\/\\\/megalangai.lt\\\/#\\\/schema\\\/logo\\\/image\\\/\"}}]}<\/script>\n<!-- \/ Yoast SEO plugin. -->","yoast_head_json":{"title":"Plastikiniai langai ir durys - Mega Langai megalangai.lt","description":"Mega langai - laikas \u012f b\u016bst\u0105 \u012fne\u0161ti daugiau \u0161viesos ir \u0161ilumos! Plastikiniai langai ir durys A+, A++ ir ekonomin\u0117s klas\u0117s b\u016bstui.","robots":{"index":"index","follow":"follow","max-snippet":"max-snippet:-1","max-image-preview":"max-image-preview:large","max-video-preview":"max-video-preview:-1"},"canonical":"https:\/\/megalangai.lt\/en\/apie-mus\/","og_locale":"en_GB","og_type":"article","og_title":"Plastikiniai langai ir durys - Mega Langai megalangai.lt","og_description":"Mega langai - laikas \u012f b\u016bst\u0105 \u012fne\u0161ti daugiau \u0161viesos ir \u0161ilumos! Plastikiniai langai ir durys A+, A++ ir ekonomin\u0117s klas\u0117s b\u016bstui.","og_url":"https:\/\/megalangai.lt\/en\/apie-mus\/","og_site_name":"megalangai.lt","article_modified_time":"2024-02-24T14:45:01+00:00","twitter_card":"summary_large_image","twitter_misc":{"Estimated reading time":"4 minutes"},"schema":{"@context":"https:\/\/schema.org","@graph":[{"@type":"WebPage","@id":"https:\/\/megalangai.lt\/apie-mus\/","url":"https:\/\/megalangai.lt\/apie-mus\/","name":"Plastikiniai langai ir durys - Mega Langai megalangai.lt","isPartOf":{"@id":"https:\/\/megalangai.lt\/#website"},"datePublished":"2021-06-18T08:59:44+00:00","dateModified":"2024-02-24T14:45:01+00:00","description":"Mega langai - laikas \u012f b\u016bst\u0105 \u012fne\u0161ti daugiau \u0161viesos ir \u0161ilumos! Plastikiniai langai ir durys A+, A++ ir ekonomin\u0117s klas\u0117s b\u016bstui.","breadcrumb":{"@id":"https:\/\/megalangai.lt\/apie-mus\/#breadcrumb"},"inLanguage":"en-GB","potentialAction":[{"@type":"ReadAction","target":["https:\/\/megalangai.lt\/apie-mus\/"]}]},{"@type":"BreadcrumbList","@id":"https:\/\/megalangai.lt\/apie-mus\/#breadcrumb","itemListElement":[{"@type":"ListItem","position":1,"name":"Home","item":"https:\/\/megalangai.lt\/"},{"@type":"ListItem","position":2,"name":"Apie mus"}]},{"@type":"WebSite","@id":"https:\/\/megalangai.lt\/#website","url":"https:\/\/megalangai.lt\/","name":"megalangai.lt","description":"Plastikiniai langai ir lauko durys","publisher":{"@id":"https:\/\/megalangai.lt\/#organization"},"potentialAction":[{"@type":"SearchAction","target":{"@type":"EntryPoint","urlTemplate":"https:\/\/megalangai.lt\/?s={search_term_string}"},"query-input":{"@type":"PropertyValueSpecification","valueRequired":true,"valueName":"search_term_string"}}],"inLanguage":"en-GB"},{"@type":"Organization","@id":"https:\/\/megalangai.lt\/#organization","name":"megalangai.lt","url":"https:\/\/megalangai.lt\/","logo":{"@type":"ImageObject","inLanguage":"en-GB","@id":"https:\/\/megalangai.lt\/#\/schema\/logo\/image\/","url":"https:\/\/megalangai.lt\/wp-content\/uploads\/mega-langai.png","contentUrl":"https:\/\/megalangai.lt\/wp-content\/uploads\/mega-langai.png","width":500,"height":364,"caption":"megalangai.lt"},"image":{"@id":"https:\/\/megalangai.lt\/#\/schema\/logo\/image\/"}}]}},"_links":{"self":[{"href":"https:\/\/megalangai.lt\/en\/wp-json\/wp\/v2\/pages\/1430","targetHints":{"allow":["GET"]}}],"collection":[{"href":"https:\/\/megalangai.lt\/en\/wp-json\/wp\/v2\/pages"}],"about":[{"href":"https:\/\/megalangai.lt\/en\/wp-json\/wp\/v2\/types\/page"}],"author":[{"embeddable":true,"href":"https:\/\/megalangai.lt\/en\/wp-json\/wp\/v2\/users\/6"}],"replies":[{"embeddable":true,"href":"https:\/\/megalangai.lt\/en\/wp-json\/wp\/v2\/comments?post=1430"}],"version-history":[{"count":20,"href":"https:\/\/megalangai.lt\/en\/wp-json\/wp\/v2\/pages\/1430\/revisions"}],"predecessor-version":[{"id":5271,"href":"https:\/\/megalangai.lt\/en\/wp-json\/wp\/v2\/pages\/1430\/revisions\/5271"}],"wp:attachment":[{"href":"https:\/\/megalangai.lt\/en\/wp-json\/wp\/v2\/media?parent=1430"}],"curies":[{"name":"wp","href":"https:\/\/api.w.org\/{rel}","templated":true}]}}