{"id":1398,"date":"2021-06-18T11:39:47","date_gmt":"2021-06-18T08:39:47","guid":{"rendered":"http:\/\/megalangai.lt\/?page_id=1398"},"modified":"2023-02-27T08:45:35","modified_gmt":"2023-02-27T06:45:35","slug":"langai-issimoketinai","status":"publish","type":"page","link":"https:\/\/megalangai.lt\/en\/langai-issimoketinai\/","title":{"rendered":"Pay Later"},"content":{"rendered":"<p>[et_pb_section fb_built=&#8221;1&#8243; _builder_version=&#8221;4.18.0&#8243; _module_preset=&#8221;default&#8221; use_background_color_gradient=&#8221;on&#8221; background_color_gradient_stops=&#8221;rgba(0,27,71,0.68) 0%|rgba(0,27,71,0.68) 100%&#8221; background_color_gradient_overlays_image=&#8221;on&#8221; background_image=&#8221;http:\/\/megalangai.lt\/wp-content\/uploads\/lizingas.jpg&#8221; width=&#8221;96%&#8221; max_width=&#8221;100%&#8221; module_alignment=&#8221;center&#8221; height=&#8221;250px&#8221; height_tablet=&#8221;250px&#8221; height_phone=&#8221;184px&#8221; height_last_edited=&#8221;on|phone&#8221; custom_margin=&#8221;15px||||false|false&#8221; global_colors_info=&#8221;{}&#8221;][et_pb_row column_structure=&#8221;1_2,1_2&#8243; make_equal=&#8221;on&#8221; _builder_version=&#8221;4.17.4&#8243; _module_preset=&#8221;default&#8221; global_colors_info=&#8221;{}&#8221;][et_pb_column type=&#8221;1_2&#8243; _builder_version=&#8221;4.17.4&#8243; _module_preset=&#8221;default&#8221; global_colors_info=&#8221;{}&#8221;][et_pb_text _builder_version=&#8221;4.18.0&#8243; _module_preset=&#8221;default&#8221; header_font=&#8221;|600|||||||&#8221; header_text_color=&#8221;#FFFFFF&#8221; header_font_size=&#8221;48px&#8221; custom_margin=&#8221;15px||10px||false|false&#8221; custom_margin_tablet=&#8221;&#8221; custom_margin_phone=&#8221;&#8221; custom_margin_last_edited=&#8221;on|desktop&#8221; custom_padding=&#8221;|||10px|false|false&#8221; header_font_size_tablet=&#8221;&#8221; header_font_size_phone=&#8221;35px&#8221; header_font_size_last_edited=&#8221;on|phone&#8221; border_color_all=&#8221;#FF8C00&#8243; border_width_left=&#8221;3px&#8221; global_colors_info=&#8221;{}&#8221;]<\/p>\n<h1>Project Financing<\/h1>\n<p>[\/et_pb_text][\/et_pb_column][et_pb_column type=&#8221;1_2&#8243; _builder_version=&#8221;4.17.4&#8243; _module_preset=&#8221;default&#8221; global_colors_info=&#8221;{}&#8221;][\/et_pb_column][\/et_pb_row][\/et_pb_section][et_pb_section fb_built=&#8221;1&#8243; _builder_version=&#8221;4.16&#8243; _module_preset=&#8221;default&#8221; custom_padding=&#8221;||0px||false|false&#8221; global_colors_info=&#8221;{}&#8221;][et_pb_row _builder_version=&#8221;4.17.6&#8243; _module_preset=&#8221;default&#8221; global_colors_info=&#8221;{}&#8221;][et_pb_column type=&#8221;4_4&#8243; _builder_version=&#8221;4.17.6&#8243; _module_preset=&#8221;default&#8221; global_colors_info=&#8221;{}&#8221;][et_pb_text _builder_version=&#8221;4.18.0&#8243; _module_preset=&#8221;default&#8221; header_2_font=&#8221;|700|||||||&#8221; header_2_text_color=&#8221;#001B47&#8243; global_colors_info=&#8221;{}&#8221;]<\/p>\n<h2>Buy now pay later option for windows and doors<\/h2>\n<p>[\/et_pb_text][et_pb_divider color=&#8221;#FF8C00&#8243; divider_weight=&#8221;3px&#8221; _builder_version=&#8221;4.17.6&#8243; _module_preset=&#8221;default&#8221; width=&#8221;10%&#8221; custom_margin=&#8221;-17px||-1px||false|false&#8221; global_colors_info=&#8221;{}&#8221;][\/et_pb_divider][et_pb_text _builder_version=&#8221;4.20.0&#8243; _module_preset=&#8221;default&#8221; hover_enabled=&#8221;0&#8243; global_colors_info=&#8221;{}&#8221; sticky_enabled=&#8221;0&#8243;]<\/p>\n<p>The offer to buy uPVC windows in installments gives you the opportunity to order the windows without paying full amount right away. Tired of looking for the moment when you finally save the necessary amount for one of the most important parts of your home? You won't have to wait any longer - we are ready to help you here and now. Renovating your home with the help of loan has never been so easy and fast, because the words \"cheapest windows\" become a reality with us!<\/p>\n<p style=\"text-align: justify;\">To order windows, you will get the opportunity to use free <a href=\"http:\/\/megalangai.lt\/en\/paslaugos\/\">In-Home Consultation<\/a>. During the visit, the Mega Windows expert will evaluate the window measurements, specifications, their quantities, calculate how much the work and other accessories will cost, and then, taking into account the customer's data, will evaluate the terms of his payment. Then exclusive interest offers will be presented, the loan period and price increases will be clearly stated. And if everything goes well, the contract can be signed right away, during the visit! We provide the service together with a partner <a href=\"https:\/\/inbank.lt\/lizingas\">\"INBANK\" financial technology company<\/a>.<\/p>\n<p>[\/et_pb_text][\/et_pb_column][\/et_pb_row][et_pb_row column_structure=&#8221;3_4,1_4&#8243; _builder_version=&#8221;4.18.0&#8243; _module_preset=&#8221;default&#8221; global_colors_info=&#8221;{}&#8221;][et_pb_column type=&#8221;3_4&#8243; _builder_version=&#8221;4.18.0&#8243; _module_preset=&#8221;default&#8221; global_colors_info=&#8221;{}&#8221;][et_pb_image src=&#8221;http:\/\/megalangai.lt\/wp-content\/uploads\/Plastikiniai-langai-issimoketinai.jpg&#8221; alt=&#8221;Plastikiniai langai i\u0161simok\u0117tinai&#8221; title_text=&#8221;Plastikiniai langai i\u0161simok\u0117tinai&#8221; align=&#8221;center&#8221; _builder_version=&#8221;4.18.0&#8243; _module_preset=&#8221;default&#8221; global_colors_info=&#8221;{}&#8221;][\/et_pb_image][\/et_pb_column][et_pb_column type=&#8221;1_4&#8243; _builder_version=&#8221;4.18.0&#8243; _module_preset=&#8221;default&#8221; global_colors_info=&#8221;{}&#8221;][et_pb_text disabled_on=&#8221;on|on|off&#8221; _builder_version=&#8221;4.18.0&#8243; _module_preset=&#8221;default&#8221; text_font=&#8221;|700||on|||||&#8221; text_text_color=&#8221;#001B47&#8243; text_font_size=&#8221;22px&#8221; text_letter_spacing=&#8221;-1px&#8221; text_line_height=&#8221;1.75em&#8221; custom_margin=&#8221;-5px|0px||-50px|false|false&#8221; text_font_size_tablet=&#8221;25px&#8221; text_font_size_phone=&#8221;20px&#8221; text_font_size_last_edited=&#8221;on|phone&#8221; global_colors_info=&#8221;{}&#8221;]<\/p>\n<p style=\"text-align: left;\">Smart financing offer with INBANK. Get what you want today with installment purchases!<\/p>\n<p>[\/et_pb_text][et_pb_button button_url=&#8221;https:\/\/www.mokilizingas.lt\/&#8221; url_new_window=&#8221;on&#8221; button_text=&#8221;LIZINGO SKAI\u010cIUOKL\u0116&#8221; button_alignment=&#8221;left&#8221; disabled_on=&#8221;on|on|off&#8221; _builder_version=&#8221;4.20.0&#8243; _module_preset=&#8221;default&#8221; custom_button=&#8221;on&#8221; button_text_size=&#8221;16px&#8221; button_bg_color=&#8221;#FF8C00&#8243; button_border_radius=&#8221;2px&#8221; button_font=&#8221;|600|||||||&#8221; button_icon=&#8221;&#x3d;||divi||400&#8243; button_icon_placement=&#8221;left&#8221; custom_margin=&#8221;0px|||-49px|false|false&#8221; custom_padding=&#8221;13px|27px|13px|27px|true|true&#8221; global_colors_info=&#8221;{}&#8221;][\/et_pb_button][\/et_pb_column][\/et_pb_row][et_pb_row column_structure=&#8221;1_2,1_2&#8243; _builder_version=&#8221;4.17.6&#8243; _module_preset=&#8221;default&#8221; custom_margin=&#8221;-60px||||false|false&#8221; global_colors_info=&#8221;{}&#8221;][et_pb_column type=&#8221;1_2&#8243; _builder_version=&#8221;4.17.6&#8243; _module_preset=&#8221;default&#8221; global_colors_info=&#8221;{}&#8221;][et_pb_text _builder_version=&#8221;4.18.0&#8243; _module_preset=&#8221;default&#8221; header_3_text_color=&#8221;#FF8C00&#8243; header_3_font_size=&#8221;19px&#8221; header_3_line_height=&#8221;1.3em&#8221; header_3_font_size_tablet=&#8221;&#8221; header_3_font_size_phone=&#8221;18px&#8221; header_3_font_size_last_edited=&#8221;on|phone&#8221; global_colors_info=&#8221;{}&#8221;][\/et_pb_text][\/et_pb_column][et_pb_column type=&#8221;1_2&#8243; _builder_version=&#8221;4.17.6&#8243; _module_preset=&#8221;default&#8221; global_colors_info=&#8221;{}&#8221;][\/et_pb_column][\/et_pb_row][et_pb_row column_structure=&#8221;1_2,1_2&#8243; _builder_version=&#8221;4.18.0&#8243; _module_preset=&#8221;default&#8221; custom_margin_tablet=&#8221;&#8221; custom_margin_phone=&#8221;-30px||||false|false&#8221; custom_margin_last_edited=&#8221;on|phone&#8221; global_colors_info=&#8221;{}&#8221;][et_pb_column type=&#8221;1_2&#8243; _builder_version=&#8221;4.18.0&#8243; _module_preset=&#8221;default&#8221; global_colors_info=&#8221;{}&#8221;][et_pb_text _builder_version=&#8221;4.18.0&#8243; _module_preset=&#8221;default&#8221; header_4_font=&#8221;|700|||||||&#8221; header_4_text_color=&#8221;#001B47&#8243; global_colors_info=&#8221;{}&#8221;]<\/p>\n<h4>Why is it worth buying windows and doors in installments?<\/h4>\n<ul>\n<li>The conclusion of the contract takes only a few minutes, you can choose the term of the contract or the size of the payment that suits you best;<\/li>\n<li>The ability to purchase products when you need them most, even if you do not have the full required amount;<\/li>\n<li>The possibility of paying ahead of time without additional costs;<\/li>\n<li>Choose for yourself: where, when and how you want to pay the installments (at Maxima counters, PayPost branches, by transfer or at online self-service);<\/li>\n<li>The contract can be concluded by two persons - family members, and in this way buy in installments under more favorable conditions;<\/li>\n<li>It is a completely safe way to borrow when you need it most.<\/li>\n<\/ul>\n<p>[\/et_pb_text][\/et_pb_column][et_pb_column type=&#8221;1_2&#8243; _builder_version=&#8221;4.18.0&#8243; _module_preset=&#8221;default&#8221; global_colors_info=&#8221;{}&#8221;][et_pb_text _builder_version=&#8221;4.18.0&#8243; _module_preset=&#8221;default&#8221; header_4_font=&#8221;|700|||||||&#8221; header_4_text_color=&#8221;#001B47&#8243; header_4_line_height=&#8221;1.4em&#8221; custom_margin=&#8221;-4px||||false|false&#8221; global_colors_info=&#8221;{}&#8221;]<\/p>\n<h4>The laon purchase service can be used by persons:<\/h4>\n<ul>\n<li>Those who receive a salary according to an employment contract;<\/li>\n<li>Recipients of permanent benefits (pensions, allowances, etc.) paid by \"Sodros\";<\/li>\n<li>Pensioners of ministries (receiving pensions paid by ministries);<\/li>\n<li>Farmers, individuals performing individual activities;<\/li>\n<li>Those working abroad (must receive income to a Lithuanian bank account).<\/li>\n<\/ul>\n<p>[\/et_pb_text][\/et_pb_column][\/et_pb_row][\/et_pb_section]<\/p>","protected":false},"excerpt":{"rendered":"<p>LIZINGASPlastikiniai langai ir durys i\u0161simok\u0117tinaiPasi\u016blymas pirkti plastikinius langus i\u0161simok\u0117tinai suteikia galimyb\u0119 langais d\u017eiaugtis nieko nelaukiant. Pavargote ie\u0161koti akimirkos, kai pagaliau susitaupysite reikiam\u0105 sum\u0105 vienai i\u0161 svarbiausi\u0173 b\u016bsto dali\u0173? Ilgiau laukti nebereik\u0117s \u2013 esame pasiruo\u0161\u0119 Jums pad\u0117ti \u010dia ir dabar. Atsinaujinti b\u016bst\u0105 pasitelkiant lizing\u0105 dar niekada nebuvo taip lengva ir greita, nes \u017eod\u017eiai \u201epigiausi langai\u201c su [&hellip;]<\/p>","protected":false},"author":6,"featured_media":0,"parent":0,"menu_order":0,"comment_status":"closed","ping_status":"closed","template":"","meta":{"_et_pb_use_builder":"on","_et_pb_old_content":"","_et_gb_content_width":"","footnotes":""},"class_list":["post-1398","page","type-page","status-publish","hentry"],"yoast_head":"<!-- This site is optimized with the Yoast SEO plugin v27.6 - https:\/\/yoast.com\/product\/yoast-seo-wordpress\/ -->\n<title>Plastikiniai langai i\u0161simok\u0117tinai - megalangai.lt<\/title>\n<meta name=\"description\" content=\"Atsinaujinti b\u016bst\u0105 pasitelkiant lizing\u0105 dar niekada nebuvo taip lengva ir greita, nes \u017eod\u017eiai \u201epigiausi langai\u201c su mumis tampa realybe!\" \/>\n<meta name=\"robots\" content=\"index, follow, max-snippet:-1, max-image-preview:large, max-video-preview:-1\" \/>\n<link rel=\"canonical\" href=\"https:\/\/megalangai.lt\/en\/langai-issimoketinai\/\" \/>\n<meta property=\"og:locale\" content=\"en_GB\" \/>\n<meta property=\"og:type\" content=\"article\" \/>\n<meta property=\"og:title\" content=\"Plastikiniai langai i\u0161simok\u0117tinai - megalangai.lt\" \/>\n<meta property=\"og:description\" content=\"Atsinaujinti b\u016bst\u0105 pasitelkiant lizing\u0105 dar niekada nebuvo taip lengva ir greita, nes \u017eod\u017eiai \u201epigiausi langai\u201c su mumis tampa realybe!\" \/>\n<meta property=\"og:url\" content=\"https:\/\/megalangai.lt\/en\/langai-issimoketinai\/\" \/>\n<meta property=\"og:site_name\" content=\"megalangai.lt\" \/>\n<meta property=\"article:modified_time\" content=\"2023-02-27T06:45:35+00:00\" \/>\n<meta name=\"twitter:card\" content=\"summary_large_image\" \/>\n<meta name=\"twitter:label1\" content=\"Estimated reading time\" \/>\n\t<meta name=\"twitter:data1\" content=\"2 minutes\" \/>\n<script type=\"application\/ld+json\" class=\"yoast-schema-graph\">{\"@context\":\"https:\\\/\\\/schema.org\",\"@graph\":[{\"@type\":\"WebPage\",\"@id\":\"https:\\\/\\\/megalangai.lt\\\/langai-issimoketinai\\\/\",\"url\":\"https:\\\/\\\/megalangai.lt\\\/langai-issimoketinai\\\/\",\"name\":\"Plastikiniai langai i\u0161simok\u0117tinai - megalangai.lt\",\"isPartOf\":{\"@id\":\"https:\\\/\\\/megalangai.lt\\\/#website\"},\"datePublished\":\"2021-06-18T08:39:47+00:00\",\"dateModified\":\"2023-02-27T06:45:35+00:00\",\"description\":\"Atsinaujinti b\u016bst\u0105 pasitelkiant lizing\u0105 dar niekada nebuvo taip lengva ir greita, nes \u017eod\u017eiai \u201epigiausi langai\u201c su mumis tampa realybe!\",\"breadcrumb\":{\"@id\":\"https:\\\/\\\/megalangai.lt\\\/langai-issimoketinai\\\/#breadcrumb\"},\"inLanguage\":\"en-GB\",\"potentialAction\":[{\"@type\":\"ReadAction\",\"target\":[\"https:\\\/\\\/megalangai.lt\\\/langai-issimoketinai\\\/\"]}]},{\"@type\":\"BreadcrumbList\",\"@id\":\"https:\\\/\\\/megalangai.lt\\\/langai-issimoketinai\\\/#breadcrumb\",\"itemListElement\":[{\"@type\":\"ListItem\",\"position\":1,\"name\":\"Home\",\"item\":\"https:\\\/\\\/megalangai.lt\\\/\"},{\"@type\":\"ListItem\",\"position\":2,\"name\":\"Lizingas\"}]},{\"@type\":\"WebSite\",\"@id\":\"https:\\\/\\\/megalangai.lt\\\/#website\",\"url\":\"https:\\\/\\\/megalangai.lt\\\/\",\"name\":\"megalangai.lt\",\"description\":\"Plastikiniai langai ir lauko durys\",\"publisher\":{\"@id\":\"https:\\\/\\\/megalangai.lt\\\/#organization\"},\"potentialAction\":[{\"@type\":\"SearchAction\",\"target\":{\"@type\":\"EntryPoint\",\"urlTemplate\":\"https:\\\/\\\/megalangai.lt\\\/?s={search_term_string}\"},\"query-input\":{\"@type\":\"PropertyValueSpecification\",\"valueRequired\":true,\"valueName\":\"search_term_string\"}}],\"inLanguage\":\"en-GB\"},{\"@type\":\"Organization\",\"@id\":\"https:\\\/\\\/megalangai.lt\\\/#organization\",\"name\":\"megalangai.lt\",\"url\":\"https:\\\/\\\/megalangai.lt\\\/\",\"logo\":{\"@type\":\"ImageObject\",\"inLanguage\":\"en-GB\",\"@id\":\"https:\\\/\\\/megalangai.lt\\\/#\\\/schema\\\/logo\\\/image\\\/\",\"url\":\"https:\\\/\\\/megalangai.lt\\\/wp-content\\\/uploads\\\/mega-langai.png\",\"contentUrl\":\"https:\\\/\\\/megalangai.lt\\\/wp-content\\\/uploads\\\/mega-langai.png\",\"width\":500,\"height\":364,\"caption\":\"megalangai.lt\"},\"image\":{\"@id\":\"https:\\\/\\\/megalangai.lt\\\/#\\\/schema\\\/logo\\\/image\\\/\"}}]}<\/script>\n<!-- \/ Yoast SEO plugin. -->","yoast_head_json":{"title":"Plastikiniai langai i\u0161simok\u0117tinai - megalangai.lt","description":"Atsinaujinti b\u016bst\u0105 pasitelkiant lizing\u0105 dar niekada nebuvo taip lengva ir greita, nes \u017eod\u017eiai \u201epigiausi langai\u201c su mumis tampa realybe!","robots":{"index":"index","follow":"follow","max-snippet":"max-snippet:-1","max-image-preview":"max-image-preview:large","max-video-preview":"max-video-preview:-1"},"canonical":"https:\/\/megalangai.lt\/en\/langai-issimoketinai\/","og_locale":"en_GB","og_type":"article","og_title":"Plastikiniai langai i\u0161simok\u0117tinai - megalangai.lt","og_description":"Atsinaujinti b\u016bst\u0105 pasitelkiant lizing\u0105 dar niekada nebuvo taip lengva ir greita, nes \u017eod\u017eiai \u201epigiausi langai\u201c su mumis tampa realybe!","og_url":"https:\/\/megalangai.lt\/en\/langai-issimoketinai\/","og_site_name":"megalangai.lt","article_modified_time":"2023-02-27T06:45:35+00:00","twitter_card":"summary_large_image","twitter_misc":{"Estimated reading time":"2 minutes"},"schema":{"@context":"https:\/\/schema.org","@graph":[{"@type":"WebPage","@id":"https:\/\/megalangai.lt\/langai-issimoketinai\/","url":"https:\/\/megalangai.lt\/langai-issimoketinai\/","name":"Plastikiniai langai i\u0161simok\u0117tinai - megalangai.lt","isPartOf":{"@id":"https:\/\/megalangai.lt\/#website"},"datePublished":"2021-06-18T08:39:47+00:00","dateModified":"2023-02-27T06:45:35+00:00","description":"Atsinaujinti b\u016bst\u0105 pasitelkiant lizing\u0105 dar niekada nebuvo taip lengva ir greita, nes \u017eod\u017eiai \u201epigiausi langai\u201c su mumis tampa realybe!","breadcrumb":{"@id":"https:\/\/megalangai.lt\/langai-issimoketinai\/#breadcrumb"},"inLanguage":"en-GB","potentialAction":[{"@type":"ReadAction","target":["https:\/\/megalangai.lt\/langai-issimoketinai\/"]}]},{"@type":"BreadcrumbList","@id":"https:\/\/megalangai.lt\/langai-issimoketinai\/#breadcrumb","itemListElement":[{"@type":"ListItem","position":1,"name":"Home","item":"https:\/\/megalangai.lt\/"},{"@type":"ListItem","position":2,"name":"Lizingas"}]},{"@type":"WebSite","@id":"https:\/\/megalangai.lt\/#website","url":"https:\/\/megalangai.lt\/","name":"megalangai.lt","description":"Plastikiniai langai ir lauko durys","publisher":{"@id":"https:\/\/megalangai.lt\/#organization"},"potentialAction":[{"@type":"SearchAction","target":{"@type":"EntryPoint","urlTemplate":"https:\/\/megalangai.lt\/?s={search_term_string}"},"query-input":{"@type":"PropertyValueSpecification","valueRequired":true,"valueName":"search_term_string"}}],"inLanguage":"en-GB"},{"@type":"Organization","@id":"https:\/\/megalangai.lt\/#organization","name":"megalangai.lt","url":"https:\/\/megalangai.lt\/","logo":{"@type":"ImageObject","inLanguage":"en-GB","@id":"https:\/\/megalangai.lt\/#\/schema\/logo\/image\/","url":"https:\/\/megalangai.lt\/wp-content\/uploads\/mega-langai.png","contentUrl":"https:\/\/megalangai.lt\/wp-content\/uploads\/mega-langai.png","width":500,"height":364,"caption":"megalangai.lt"},"image":{"@id":"https:\/\/megalangai.lt\/#\/schema\/logo\/image\/"}}]}},"_links":{"self":[{"href":"https:\/\/megalangai.lt\/en\/wp-json\/wp\/v2\/pages\/1398","targetHints":{"allow":["GET"]}}],"collection":[{"href":"https:\/\/megalangai.lt\/en\/wp-json\/wp\/v2\/pages"}],"about":[{"href":"https:\/\/megalangai.lt\/en\/wp-json\/wp\/v2\/types\/page"}],"author":[{"embeddable":true,"href":"https:\/\/megalangai.lt\/en\/wp-json\/wp\/v2\/users\/6"}],"replies":[{"embeddable":true,"href":"https:\/\/megalangai.lt\/en\/wp-json\/wp\/v2\/comments?post=1398"}],"version-history":[{"count":19,"href":"https:\/\/megalangai.lt\/en\/wp-json\/wp\/v2\/pages\/1398\/revisions"}],"predecessor-version":[{"id":3138,"href":"https:\/\/megalangai.lt\/en\/wp-json\/wp\/v2\/pages\/1398\/revisions\/3138"}],"wp:attachment":[{"href":"https:\/\/megalangai.lt\/en\/wp-json\/wp\/v2\/media?parent=1398"}],"curies":[{"name":"wp","href":"https:\/\/api.w.org\/{rel}","templated":true}]}}